{"id":1491,"date":"2025-11-29T18:53:06","date_gmt":"2025-11-29T17:53:06","guid":{"rendered":"https:\/\/meca-remorque.com\/?post_type=product&#038;p=1491"},"modified":"2025-11-29T18:53:43","modified_gmt":"2025-11-29T17:53:43","slug":"5-pakk-storsekk-bjorkeved-inkludert-frakt","status":"publish","type":"product","link":"https:\/\/meca-remorque.com\/fr\/produit\/5-pakk-storsekk-bjorkeved-inkludert-frakt\/","title":{"rendered":"5-pakk storsekk bj\u00f8rkeved, inkludert frakt*"},"content":{"rendered":"<p>Pakke med 5 storsekker &#8220;rauset&#8221;, fin bj\u00f8rk. Tilsammen ca. 8 250 liter ved (hver sekk inneholder ca. 1 650 liter).<br \/>\nLeveringsklar for hjemlevering fra juli. Inkludert hjemlevering innenfor v\u00e5rt leveringsomr\u00e5de, og mot et tillegg i omkringliggende omr\u00e5der.<br \/>\nTopp kvalitet p\u00e5 b\u00e5de ved og p\u00e5 leveranse!<\/p>","protected":false},"excerpt":{"rendered":"<p>Pakke med 5 storsekker &#8220;rauset&#8221;, fin bj\u00f8rk. Hver sekk inneholder ca. 1 650 liter leveringsklar ved.<br \/>\nLeveres gratis i Siljan, og i Grenland og omegn mot et tillegg.<br \/>\nTopp kvalitet p\u00e5 b\u00e5de ved og p\u00e5 leveranse!<\/p>","protected":false},"featured_media":1519,"comment_status":"open","ping_status":"closed","template":"","meta":[],"product_brand":[],"product_cat":[71],"product_tag":[],"class_list":{"0":"post-1491","1":"product","2":"type-product","3":"status-publish","4":"has-post-thumbnail","6":"product_cat-ved","8":"first","9":"instock","10":"sale","11":"shipping-taxable","12":"purchasable","13":"product-type-simple"},"_links":{"self":[{"href":"https:\/\/meca-remorque.com\/fr\/wp-json\/wp\/v2\/product\/1491","targetHints":{"allow":["GET"]}}],"collection":[{"href":"https:\/\/meca-remorque.com\/fr\/wp-json\/wp\/v2\/product"}],"about":[{"href":"https:\/\/meca-remorque.com\/fr\/wp-json\/wp\/v2\/types\/product"}],"replies":[{"embeddable":true,"href":"https:\/\/meca-remorque.com\/fr\/wp-json\/wp\/v2\/comments?post=1491"}],"version-history":[{"count":1,"href":"https:\/\/meca-remorque.com\/fr\/wp-json\/wp\/v2\/product\/1491\/revisions"}],"predecessor-version":[{"id":1520,"href":"https:\/\/meca-remorque.com\/fr\/wp-json\/wp\/v2\/product\/1491\/revisions\/1520"}],"wp:featuredmedia":[{"embeddable":true,"href":"https:\/\/meca-remorque.com\/fr\/wp-json\/wp\/v2\/media\/1519"}],"wp:attachment":[{"href":"https:\/\/meca-remorque.com\/fr\/wp-json\/wp\/v2\/media?parent=1491"}],"wp:term":[{"taxonomy":"product_brand","embeddable":true,"href":"https:\/\/meca-remorque.com\/fr\/wp-json\/wp\/v2\/product_brand?post=1491"},{"taxonomy":"product_cat","embeddable":true,"href":"https:\/\/meca-remorque.com\/fr\/wp-json\/wp\/v2\/product_cat?post=1491"},{"taxonomy":"product_tag","embeddable":true,"href":"https:\/\/meca-remorque.com\/fr\/wp-json\/wp\/v2\/product_tag?post=1491"}],"curies":[{"name":"wp","href":"https:\/\/api.w.org\/{rel}","templated":true}]}}