{"id":1492,"date":"2025-11-29T18:53:07","date_gmt":"2025-11-29T17:53:07","guid":{"rendered":"https:\/\/meca-remorque.com\/?post_type=product&#038;p=1492"},"modified":"2025-12-03T13:47:11","modified_gmt":"2025-12-03T12:47:11","slug":"pall-m-smasekk-bjork-30-sekker-inkludert-frakt","status":"publish","type":"product","link":"https:\/\/meca-remorque.com\/fr\/produit\/pall-m-smasekk-bjork-30-sekker-inkludert-frakt\/","title":{"rendered":"Pall m\/ sm\u00e5sekk bj\u00f8rk (30 sekker), inkludert frakt*"},"content":{"rendered":"<p>Full pall med 30 vedsekker \u00e0 40 liter med &#8220;rauset&#8221;, fin bj\u00f8rk. Tilsammen ca. 1 200 liter leveringsklar ved.<br \/>\nInkludert hjemlevering innenfor v\u00e5rt leveringsomr\u00e5de, og mot et tillegg i omkringliggende omr\u00e5der.<br \/>\nTopp kvalitet p\u00e5 b\u00e5de ved og p\u00e5 leveranse!<\/p>","protected":false},"excerpt":{"rendered":"<p>Vedsekkene er leveringsklare fra og med juli.<\/p>","protected":false},"featured_media":1521,"comment_status":"open","ping_status":"closed","template":"","meta":[],"product_brand":[],"product_cat":[71],"product_tag":[],"class_list":{"0":"post-1492","1":"product","2":"type-product","3":"status-publish","4":"has-post-thumbnail","6":"product_cat-ved","8":"first","9":"instock","10":"shipping-taxable","11":"purchasable","12":"product-type-simple"},"_links":{"self":[{"href":"https:\/\/meca-remorque.com\/fr\/wp-json\/wp\/v2\/product\/1492","targetHints":{"allow":["GET"]}}],"collection":[{"href":"https:\/\/meca-remorque.com\/fr\/wp-json\/wp\/v2\/product"}],"about":[{"href":"https:\/\/meca-remorque.com\/fr\/wp-json\/wp\/v2\/types\/product"}],"replies":[{"embeddable":true,"href":"https:\/\/meca-remorque.com\/fr\/wp-json\/wp\/v2\/comments?post=1492"}],"version-history":[{"count":1,"href":"https:\/\/meca-remorque.com\/fr\/wp-json\/wp\/v2\/product\/1492\/revisions"}],"predecessor-version":[{"id":1522,"href":"https:\/\/meca-remorque.com\/fr\/wp-json\/wp\/v2\/product\/1492\/revisions\/1522"}],"wp:featuredmedia":[{"embeddable":true,"href":"https:\/\/meca-remorque.com\/fr\/wp-json\/wp\/v2\/media\/1521"}],"wp:attachment":[{"href":"https:\/\/meca-remorque.com\/fr\/wp-json\/wp\/v2\/media?parent=1492"}],"wp:term":[{"taxonomy":"product_brand","embeddable":true,"href":"https:\/\/meca-remorque.com\/fr\/wp-json\/wp\/v2\/product_brand?post=1492"},{"taxonomy":"product_cat","embeddable":true,"href":"https:\/\/meca-remorque.com\/fr\/wp-json\/wp\/v2\/product_cat?post=1492"},{"taxonomy":"product_tag","embeddable":true,"href":"https:\/\/meca-remorque.com\/fr\/wp-json\/wp\/v2\/product_tag?post=1492"}],"curies":[{"name":"wp","href":"https:\/\/api.w.org\/{rel}","templated":true}]}}