{"id":1638,"date":"2025-11-29T21:55:31","date_gmt":"2025-11-29T20:55:31","guid":{"rendered":"https:\/\/meca-remorque.com\/?post_type=product&#038;p=1638"},"modified":"2025-12-03T13:45:32","modified_gmt":"2025-12-03T12:45:32","slug":"jotul-f-165","status":"publish","type":"product","link":"https:\/\/meca-remorque.com\/fr\/produit\/jotul-f-165\/","title":{"rendered":"J\u00d8TUL F 165"},"content":{"rendered":"<p>Brukervennlig, elegant og moderne vedovn med glass p\u00e5 tre sider. Vedovnen har luftspyling og sideglassene har coating som bidrar til at de holder seg renere ved optimalt bruk, og gir godt innsyn til flammene fra flere steder i rommet. \u00c9n ventil gj\u00f8r opptenning og fyring enkelt. Vedovnen er spesielt godt egnet for moderne boliger og fyring p\u00e5 lav effekt. En dekorativ topplate i varmelagrende kleberstein, som holder lenger p\u00e5 varmen, er mulig \u00e5 legge til som tilleggsutstyr. Et praktisk oppbevaringsrom skjules bak sokkeld\u00f8ren.<\/p>","protected":false},"excerpt":{"rendered":"<p>Praktisk og brukervennlig vedovn<\/p>","protected":false},"featured_media":1666,"comment_status":"open","ping_status":"closed","template":"","meta":[],"product_brand":[],"product_cat":[283],"product_tag":[],"class_list":{"0":"post-1638","1":"product","2":"type-product","3":"status-publish","4":"has-post-thumbnail","6":"product_cat-vedovn","8":"first","9":"instock","10":"shipping-taxable","11":"purchasable","12":"product-type-variable","13":"has-default-attributes"},"_links":{"self":[{"href":"https:\/\/meca-remorque.com\/fr\/wp-json\/wp\/v2\/product\/1638","targetHints":{"allow":["GET"]}}],"collection":[{"href":"https:\/\/meca-remorque.com\/fr\/wp-json\/wp\/v2\/product"}],"about":[{"href":"https:\/\/meca-remorque.com\/fr\/wp-json\/wp\/v2\/types\/product"}],"replies":[{"embeddable":true,"href":"https:\/\/meca-remorque.com\/fr\/wp-json\/wp\/v2\/comments?post=1638"}],"version-history":[{"count":1,"href":"https:\/\/meca-remorque.com\/fr\/wp-json\/wp\/v2\/product\/1638\/revisions"}],"predecessor-version":[{"id":1667,"href":"https:\/\/meca-remorque.com\/fr\/wp-json\/wp\/v2\/product\/1638\/revisions\/1667"}],"wp:featuredmedia":[{"embeddable":true,"href":"https:\/\/meca-remorque.com\/fr\/wp-json\/wp\/v2\/media\/1666"}],"wp:attachment":[{"href":"https:\/\/meca-remorque.com\/fr\/wp-json\/wp\/v2\/media?parent=1638"}],"wp:term":[{"taxonomy":"product_brand","embeddable":true,"href":"https:\/\/meca-remorque.com\/fr\/wp-json\/wp\/v2\/product_brand?post=1638"},{"taxonomy":"product_cat","embeddable":true,"href":"https:\/\/meca-remorque.com\/fr\/wp-json\/wp\/v2\/product_cat?post=1638"},{"taxonomy":"product_tag","embeddable":true,"href":"https:\/\/meca-remorque.com\/fr\/wp-json\/wp\/v2\/product_tag?post=1638"}],"curies":[{"name":"wp","href":"https:\/\/api.w.org\/{rel}","templated":true}]}}