{"id":1640,"date":"2025-11-29T21:55:31","date_gmt":"2025-11-29T20:55:31","guid":{"rendered":"https:\/\/meca-remorque.com\/?post_type=product&#038;p=1640"},"modified":"2025-12-03T13:46:09","modified_gmt":"2025-12-03T12:46:09","slug":"jotul-f-165-s","status":"publish","type":"product","link":"https:\/\/meca-remorque.com\/fr\/produit\/jotul-f-165-s\/","title":{"rendered":"J\u00d8TUL F 165 S"},"content":{"rendered":"<p>Varmelagrende vedovn i sort st\u00f8pejern, kledd i delikat kleberstein. Kleberstein er en gr\u00e5 naturstein som fortsetter \u00e5 varme rommet lenge etter at flammene har brent ut. Vedovnen er tilpasset moderne hjem og fyring p\u00e5 lav effekt. I tillegg er den utstyrt med spesialglass med coating p\u00e5 sidene og luftspyling, som bidrar til renere glass ved optimal fyring. Sokkelen skjuler et praktisk oppbevaringsrom.<\/p>","protected":false},"excerpt":{"rendered":"<p>Varmelagrende og brukervennlig vedovn<\/p>","protected":false},"featured_media":1670,"comment_status":"open","ping_status":"closed","template":"","meta":[],"product_brand":[],"product_cat":[283],"product_tag":[],"class_list":{"0":"post-1640","1":"product","2":"type-product","3":"status-publish","4":"has-post-thumbnail","6":"product_cat-vedovn","8":"first","9":"instock","10":"shipping-taxable","11":"purchasable","12":"product-type-variable","13":"has-default-attributes"},"_links":{"self":[{"href":"https:\/\/meca-remorque.com\/fr\/wp-json\/wp\/v2\/product\/1640","targetHints":{"allow":["GET"]}}],"collection":[{"href":"https:\/\/meca-remorque.com\/fr\/wp-json\/wp\/v2\/product"}],"about":[{"href":"https:\/\/meca-remorque.com\/fr\/wp-json\/wp\/v2\/types\/product"}],"replies":[{"embeddable":true,"href":"https:\/\/meca-remorque.com\/fr\/wp-json\/wp\/v2\/comments?post=1640"}],"version-history":[{"count":1,"href":"https:\/\/meca-remorque.com\/fr\/wp-json\/wp\/v2\/product\/1640\/revisions"}],"predecessor-version":[{"id":1671,"href":"https:\/\/meca-remorque.com\/fr\/wp-json\/wp\/v2\/product\/1640\/revisions\/1671"}],"wp:featuredmedia":[{"embeddable":true,"href":"https:\/\/meca-remorque.com\/fr\/wp-json\/wp\/v2\/media\/1670"}],"wp:attachment":[{"href":"https:\/\/meca-remorque.com\/fr\/wp-json\/wp\/v2\/media?parent=1640"}],"wp:term":[{"taxonomy":"product_brand","embeddable":true,"href":"https:\/\/meca-remorque.com\/fr\/wp-json\/wp\/v2\/product_brand?post=1640"},{"taxonomy":"product_cat","embeddable":true,"href":"https:\/\/meca-remorque.com\/fr\/wp-json\/wp\/v2\/product_cat?post=1640"},{"taxonomy":"product_tag","embeddable":true,"href":"https:\/\/meca-remorque.com\/fr\/wp-json\/wp\/v2\/product_tag?post=1640"}],"curies":[{"name":"wp","href":"https:\/\/api.w.org\/{rel}","templated":true}]}}