{"id":1724,"date":"2025-11-29T22:12:05","date_gmt":"2025-11-29T21:12:05","guid":{"rendered":"https:\/\/meca-remorque.com\/?post_type=product&#038;p=1724"},"modified":"2025-12-03T13:26:08","modified_gmt":"2025-12-03T12:26:08","slug":"jotul-i-520-fl","status":"publish","type":"product","link":"https:\/\/meca-remorque.com\/fr\/produit\/jotul-i-520-fl\/","title":{"rendered":"J\u00d8TUL I 520 FL"},"content":{"rendered":"<p>Peisinnsats i solid st\u00f8pejern med to glass. Peisinnsatsen gir innsyn til peisb\u00e5let fra to sider, og med lyse brennplater f\u00e5r du et luftig og lekkert innsyn til flammene. Den er utstyrt med luftspyling, og har glass med coating, som gj\u00f8r det enkelt \u00e5 opprettholde renere glass. D\u00f8ren er utformet med en smekkl\u00e5s, og brennkammeret har kubbestopper for enkel og trygg fyring. Som tilleggsutstyr er det ogs\u00e5 mulighet for \u00e5 gj\u00f8re d\u00f8ren h\u00f8yrehengslet. Den rentbrennende peisinnsatsen er tilrettelagt for friskluftstilkobling, og egner seg derfor godt til oppvarming i lavenergihus.<\/p>","protected":false},"excerpt":{"rendered":"<p>Peisinnsats med god utsikt til flammene<\/p>","protected":false},"featured_media":1738,"comment_status":"open","ping_status":"closed","template":"","meta":[],"product_brand":[],"product_cat":[279],"product_tag":[],"class_list":{"0":"post-1724","1":"product","2":"type-product","3":"status-publish","4":"has-post-thumbnail","6":"product_cat-peisinnsatser","8":"first","9":"instock","10":"shipping-taxable","11":"purchasable","12":"product-type-variable","13":"has-default-attributes"},"_links":{"self":[{"href":"https:\/\/meca-remorque.com\/fr\/wp-json\/wp\/v2\/product\/1724","targetHints":{"allow":["GET"]}}],"collection":[{"href":"https:\/\/meca-remorque.com\/fr\/wp-json\/wp\/v2\/product"}],"about":[{"href":"https:\/\/meca-remorque.com\/fr\/wp-json\/wp\/v2\/types\/product"}],"replies":[{"embeddable":true,"href":"https:\/\/meca-remorque.com\/fr\/wp-json\/wp\/v2\/comments?post=1724"}],"version-history":[{"count":1,"href":"https:\/\/meca-remorque.com\/fr\/wp-json\/wp\/v2\/product\/1724\/revisions"}],"predecessor-version":[{"id":1739,"href":"https:\/\/meca-remorque.com\/fr\/wp-json\/wp\/v2\/product\/1724\/revisions\/1739"}],"wp:featuredmedia":[{"embeddable":true,"href":"https:\/\/meca-remorque.com\/fr\/wp-json\/wp\/v2\/media\/1738"}],"wp:attachment":[{"href":"https:\/\/meca-remorque.com\/fr\/wp-json\/wp\/v2\/media?parent=1724"}],"wp:term":[{"taxonomy":"product_brand","embeddable":true,"href":"https:\/\/meca-remorque.com\/fr\/wp-json\/wp\/v2\/product_brand?post=1724"},{"taxonomy":"product_cat","embeddable":true,"href":"https:\/\/meca-remorque.com\/fr\/wp-json\/wp\/v2\/product_cat?post=1724"},{"taxonomy":"product_tag","embeddable":true,"href":"https:\/\/meca-remorque.com\/fr\/wp-json\/wp\/v2\/product_tag?post=1724"}],"curies":[{"name":"wp","href":"https:\/\/api.w.org\/{rel}","templated":true}]}}