{"id":1726,"date":"2025-11-29T22:12:05","date_gmt":"2025-11-29T21:12:05","guid":{"rendered":"https:\/\/meca-remorque.com\/?post_type=product&#038;p=1726"},"modified":"2025-12-03T13:26:08","modified_gmt":"2025-12-03T12:26:08","slug":"jotul-i-520-fr","status":"publish","type":"product","link":"https:\/\/meca-remorque.com\/fr\/produit\/jotul-i-520-fr\/","title":{"rendered":"J\u00d8TUL I 520 FR"},"content":{"rendered":"<p>Rentbrennende peisinnsats i solid st\u00f8pejern med med to glass. Glassene gir godt innsyn til flammene fra flere steder i rommet, og gir utmerket utsikt til peisb\u00e5let. Luftspyling og coating p\u00e5 glassene gj\u00f8r det enklere \u00e5 opprettholde renere glass. Med lyse brennplater f\u00e5r du i tillegg et lyst og luftig innsyn til peisb\u00e5let. Peisinnsatsen er utformet med smekkl\u00e5s i d\u00f8ren, kubbestopper i brennkammeret og smarte lufteventiler som gj\u00f8r fyringen enklere. Som tilleggsutstyr er det mulig \u00e5 gj\u00f8re d\u00f8ren h\u00f8yrehengslet etter behov. For optimal oppvarming i lavenergihus er det tilrettelagt for friskluftstilkobling.<\/p>","protected":false},"excerpt":{"rendered":"<p>Lekker peisinnsats med godt innsyn til peisb\u00e5let<\/p>","protected":false},"featured_media":1743,"comment_status":"open","ping_status":"closed","template":"","meta":[],"product_brand":[],"product_cat":[279],"product_tag":[],"class_list":{"0":"post-1726","1":"product","2":"type-product","3":"status-publish","4":"has-post-thumbnail","6":"product_cat-peisinnsatser","8":"first","9":"instock","10":"shipping-taxable","11":"purchasable","12":"product-type-variable","13":"has-default-attributes"},"_links":{"self":[{"href":"https:\/\/meca-remorque.com\/fr\/wp-json\/wp\/v2\/product\/1726","targetHints":{"allow":["GET"]}}],"collection":[{"href":"https:\/\/meca-remorque.com\/fr\/wp-json\/wp\/v2\/product"}],"about":[{"href":"https:\/\/meca-remorque.com\/fr\/wp-json\/wp\/v2\/types\/product"}],"replies":[{"embeddable":true,"href":"https:\/\/meca-remorque.com\/fr\/wp-json\/wp\/v2\/comments?post=1726"}],"version-history":[{"count":1,"href":"https:\/\/meca-remorque.com\/fr\/wp-json\/wp\/v2\/product\/1726\/revisions"}],"predecessor-version":[{"id":1744,"href":"https:\/\/meca-remorque.com\/fr\/wp-json\/wp\/v2\/product\/1726\/revisions\/1744"}],"wp:featuredmedia":[{"embeddable":true,"href":"https:\/\/meca-remorque.com\/fr\/wp-json\/wp\/v2\/media\/1743"}],"wp:attachment":[{"href":"https:\/\/meca-remorque.com\/fr\/wp-json\/wp\/v2\/media?parent=1726"}],"wp:term":[{"taxonomy":"product_brand","embeddable":true,"href":"https:\/\/meca-remorque.com\/fr\/wp-json\/wp\/v2\/product_brand?post=1726"},{"taxonomy":"product_cat","embeddable":true,"href":"https:\/\/meca-remorque.com\/fr\/wp-json\/wp\/v2\/product_cat?post=1726"},{"taxonomy":"product_tag","embeddable":true,"href":"https:\/\/meca-remorque.com\/fr\/wp-json\/wp\/v2\/product_tag?post=1726"}],"curies":[{"name":"wp","href":"https:\/\/api.w.org\/{rel}","templated":true}]}}