{"id":1749,"date":"2025-11-29T22:12:29","date_gmt":"2025-11-29T21:12:29","guid":{"rendered":"https:\/\/meca-remorque.com\/?post_type=product&#038;p=1749"},"modified":"2025-12-03T13:26:08","modified_gmt":"2025-12-03T12:26:08","slug":"jotul-i-620-fr","status":"publish","type":"product","link":"https:\/\/meca-remorque.com\/fr\/produit\/jotul-i-620-fr\/","title":{"rendered":"J\u00d8TUL I 620 FR"},"content":{"rendered":"<p>En romslig, praktisk og brukervennlig peisinnsats i st\u00f8pejern. Peisinnsatsen er utformet med to glass, perfekt for hj\u00f8rner slik at du f\u00e5r den ultimate utsikten til flammene. For \u00e5 enklere opprettholde renere glass er vedovnen utstyrt med luftspyling som spyler luft ned langs innsiden av glasset, i tillegg til at glassene har coating. Med brennplater i hvit vermikulitt f\u00e5r du et lekkert og luftig uttrykk som gir et vakkert flammebilde. Til tross for sin store st\u00f8rrelse er denne peisinnsatsen egnet for \u00e5 brenne optimalt ved lav effekt. Den er i tillegg utstyrt med kubbestopper i brennkammeret for sikker fyring. Lufteventilene med intuitive symboler, gj\u00f8r den rentbrennende peisinnsatsen enkel \u00e5 b\u00e5de tenne opp og holde fyr over tid. Med mulighet for friskluftstilkobling f\u00e5r du i tillegg optimal oppvarming i lavenergihus. Som tilleggsutstyr er det ogs\u00e5 mulig \u00e5 gj\u00f8re d\u00f8ren h\u00f8yrehengslet hvis \u00f8nskelig.<\/p>","protected":false},"excerpt":{"rendered":"<p>Stor peisinnsats med god utsikt til flammene<\/p>","protected":false},"featured_media":1766,"comment_status":"open","ping_status":"closed","template":"","meta":[],"product_brand":[],"product_cat":[279],"product_tag":[],"class_list":{"0":"post-1749","1":"product","2":"type-product","3":"status-publish","4":"has-post-thumbnail","6":"product_cat-peisinnsatser","8":"first","9":"instock","10":"shipping-taxable","11":"purchasable","12":"product-type-variable","13":"has-default-attributes"},"_links":{"self":[{"href":"https:\/\/meca-remorque.com\/fr\/wp-json\/wp\/v2\/product\/1749","targetHints":{"allow":["GET"]}}],"collection":[{"href":"https:\/\/meca-remorque.com\/fr\/wp-json\/wp\/v2\/product"}],"about":[{"href":"https:\/\/meca-remorque.com\/fr\/wp-json\/wp\/v2\/types\/product"}],"replies":[{"embeddable":true,"href":"https:\/\/meca-remorque.com\/fr\/wp-json\/wp\/v2\/comments?post=1749"}],"version-history":[{"count":1,"href":"https:\/\/meca-remorque.com\/fr\/wp-json\/wp\/v2\/product\/1749\/revisions"}],"predecessor-version":[{"id":1767,"href":"https:\/\/meca-remorque.com\/fr\/wp-json\/wp\/v2\/product\/1749\/revisions\/1767"}],"wp:featuredmedia":[{"embeddable":true,"href":"https:\/\/meca-remorque.com\/fr\/wp-json\/wp\/v2\/media\/1766"}],"wp:attachment":[{"href":"https:\/\/meca-remorque.com\/fr\/wp-json\/wp\/v2\/media?parent=1749"}],"wp:term":[{"taxonomy":"product_brand","embeddable":true,"href":"https:\/\/meca-remorque.com\/fr\/wp-json\/wp\/v2\/product_brand?post=1749"},{"taxonomy":"product_cat","embeddable":true,"href":"https:\/\/meca-remorque.com\/fr\/wp-json\/wp\/v2\/product_cat?post=1749"},{"taxonomy":"product_tag","embeddable":true,"href":"https:\/\/meca-remorque.com\/fr\/wp-json\/wp\/v2\/product_tag?post=1749"}],"curies":[{"name":"wp","href":"https:\/\/api.w.org\/{rel}","templated":true}]}}