{"id":1795,"date":"2025-11-29T22:13:13","date_gmt":"2025-11-29T21:13:13","guid":{"rendered":"https:\/\/meca-remorque.com\/?post_type=product&#038;p=1795"},"modified":"2025-12-03T13:43:39","modified_gmt":"2025-12-03T12:43:39","slug":"jotul-f-305-b","status":"publish","type":"product","link":"https:\/\/meca-remorque.com\/fr\/produit\/jotul-f-305-b\/","title":{"rendered":"J\u00d8TUL F 305 B"},"content":{"rendered":"<p>En av v\u00e5re mest rentbrennende vedovner, med meget gode varmeegenskaper. Dette er en prisvinnende, funksjonell og stilren vedovn utformet av de norske designerne Anderssen &amp; Voll. Med sine brukervennlige egenskaper er vedovnen enkel \u00e5 fyre med. Den er utformet med et stort brennkammer, luftspyling som sikrer renere glass og praktisk base under for oppbevaring av ved. En smart aksel\u00f8sning gj\u00f8r det enkelt \u00e5 t\u00f8mme asken.<\/p>","protected":false},"excerpt":{"rendered":"<p>Tidl\u00f8s og stilren vedovn med praktiske egenskaper<\/p>","protected":false},"featured_media":1839,"comment_status":"open","ping_status":"closed","template":"","meta":[],"product_brand":[],"product_cat":[283],"product_tag":[],"class_list":{"0":"post-1795","1":"product","2":"type-product","3":"status-publish","4":"has-post-thumbnail","6":"product_cat-vedovn","8":"first","9":"instock","10":"shipping-taxable","11":"purchasable","12":"product-type-variable","13":"has-default-attributes"},"_links":{"self":[{"href":"https:\/\/meca-remorque.com\/fr\/wp-json\/wp\/v2\/product\/1795","targetHints":{"allow":["GET"]}}],"collection":[{"href":"https:\/\/meca-remorque.com\/fr\/wp-json\/wp\/v2\/product"}],"about":[{"href":"https:\/\/meca-remorque.com\/fr\/wp-json\/wp\/v2\/types\/product"}],"replies":[{"embeddable":true,"href":"https:\/\/meca-remorque.com\/fr\/wp-json\/wp\/v2\/comments?post=1795"}],"version-history":[{"count":1,"href":"https:\/\/meca-remorque.com\/fr\/wp-json\/wp\/v2\/product\/1795\/revisions"}],"predecessor-version":[{"id":1840,"href":"https:\/\/meca-remorque.com\/fr\/wp-json\/wp\/v2\/product\/1795\/revisions\/1840"}],"wp:featuredmedia":[{"embeddable":true,"href":"https:\/\/meca-remorque.com\/fr\/wp-json\/wp\/v2\/media\/1839"}],"wp:attachment":[{"href":"https:\/\/meca-remorque.com\/fr\/wp-json\/wp\/v2\/media?parent=1795"}],"wp:term":[{"taxonomy":"product_brand","embeddable":true,"href":"https:\/\/meca-remorque.com\/fr\/wp-json\/wp\/v2\/product_brand?post=1795"},{"taxonomy":"product_cat","embeddable":true,"href":"https:\/\/meca-remorque.com\/fr\/wp-json\/wp\/v2\/product_cat?post=1795"},{"taxonomy":"product_tag","embeddable":true,"href":"https:\/\/meca-remorque.com\/fr\/wp-json\/wp\/v2\/product_tag?post=1795"}],"curies":[{"name":"wp","href":"https:\/\/api.w.org\/{rel}","templated":true}]}}