{"id":1817,"date":"2025-11-29T22:13:42","date_gmt":"2025-11-29T21:13:42","guid":{"rendered":"https:\/\/meca-remorque.com\/?post_type=product&#038;p=1817"},"modified":"2025-12-03T13:41:33","modified_gmt":"2025-12-03T12:41:33","slug":"jotul-f-400-eco","status":"publish","type":"product","link":"https:\/\/meca-remorque.com\/fr\/produit\/jotul-f-400-eco\/","title":{"rendered":"J\u00d8TUL F 400 ECO"},"content":{"rendered":"<p>Stor klassisk vedovn i st\u00f8pejern. Vedovnen er lekkert utsmykket med et motiv p\u00e5 siden inspirert av norskekysten, og har buede sprosser p\u00e5 glasset. I tillegg til \u00e5 v\u00e6re en av v\u00e5re mest rentbrennende vedovner, er den ogs\u00e5 en av de st\u00f8rste, med plass til vedkubber opp til 50 cm. Vedovnen er enkel \u00e5 bruke, med kun \u00e9n lufteventil for \u00e5 gj\u00f8re det lettere \u00e5 tenne opp og holde fyr over tid. I tillegg er den utstyrt med luftspyling som gj\u00f8r at glasset holder seg renere. En stor utvendig askel\u00f8sning gj\u00f8r det ogs\u00e5 lett \u00e5 t\u00f8mme vedovnen for aske, n\u00e5r det er behov for det.<\/p>","protected":false},"excerpt":{"rendered":"<p>Kraftig og stor vedovn med god plass<\/p>","protected":false},"featured_media":1851,"comment_status":"open","ping_status":"closed","template":"","meta":[],"product_brand":[],"product_cat":[283],"product_tag":[],"class_list":{"0":"post-1817","1":"product","2":"type-product","3":"status-publish","4":"has-post-thumbnail","6":"product_cat-vedovn","8":"first","9":"instock","10":"shipping-taxable","11":"purchasable","12":"product-type-variable","13":"has-default-attributes"},"_links":{"self":[{"href":"https:\/\/meca-remorque.com\/fr\/wp-json\/wp\/v2\/product\/1817","targetHints":{"allow":["GET"]}}],"collection":[{"href":"https:\/\/meca-remorque.com\/fr\/wp-json\/wp\/v2\/product"}],"about":[{"href":"https:\/\/meca-remorque.com\/fr\/wp-json\/wp\/v2\/types\/product"}],"replies":[{"embeddable":true,"href":"https:\/\/meca-remorque.com\/fr\/wp-json\/wp\/v2\/comments?post=1817"}],"version-history":[{"count":1,"href":"https:\/\/meca-remorque.com\/fr\/wp-json\/wp\/v2\/product\/1817\/revisions"}],"predecessor-version":[{"id":1852,"href":"https:\/\/meca-remorque.com\/fr\/wp-json\/wp\/v2\/product\/1817\/revisions\/1852"}],"wp:featuredmedia":[{"embeddable":true,"href":"https:\/\/meca-remorque.com\/fr\/wp-json\/wp\/v2\/media\/1851"}],"wp:attachment":[{"href":"https:\/\/meca-remorque.com\/fr\/wp-json\/wp\/v2\/media?parent=1817"}],"wp:term":[{"taxonomy":"product_brand","embeddable":true,"href":"https:\/\/meca-remorque.com\/fr\/wp-json\/wp\/v2\/product_brand?post=1817"},{"taxonomy":"product_cat","embeddable":true,"href":"https:\/\/meca-remorque.com\/fr\/wp-json\/wp\/v2\/product_cat?post=1817"},{"taxonomy":"product_tag","embeddable":true,"href":"https:\/\/meca-remorque.com\/fr\/wp-json\/wp\/v2\/product_tag?post=1817"}],"curies":[{"name":"wp","href":"https:\/\/api.w.org\/{rel}","templated":true}]}}