{"id":1872,"date":"2025-11-29T22:16:40","date_gmt":"2025-11-29T21:16:40","guid":{"rendered":"https:\/\/meca-remorque.com\/?post_type=product&#038;p=1872"},"modified":"2025-12-03T13:40:48","modified_gmt":"2025-12-03T12:40:48","slug":"jotul-f-373-advance","status":"publish","type":"product","link":"https:\/\/meca-remorque.com\/fr\/produit\/jotul-f-373-advance\/","title":{"rendered":"J\u00d8TUL F 373 ADVANCE"},"content":{"rendered":"<p>V\u00e5r bestselgende vedovn i tidl\u00f8st og prisvinnende design, har en rekke praktiske funksjoner som gj\u00f8r at den er enkel \u00e5 bruke. Den varmer godt og fungerer som et lekkert blikkfang i hjemmet. I J\u00f8tul har vi fokus p\u00e5 brukervennlighet n\u00e5r vi designer v\u00e5re vedovner. Derfor har vi utviklet en ergonomisk d\u00f8r med &#8216;Stay&#8217;-funksjon som s\u00f8rger for at d\u00f8ren holdes \u00e5pen n\u00e5r du skal fyre, for \u00e5 gj\u00f8re prosessen enklere. Vedovnen i solid st\u00f8pejern er i tillegg utstyrt med luftspyling og coatede sideglass, som bidrar til renere glass. Med \u00e9n betjeningshendel for regulering av luft er det lettere \u00e5 styre luften riktig, for en enklere fyringsopplevelse. Som tilleggsutstyr kan du f\u00e5 et dreiesett, som gj\u00f8r at du kan nyte utsikten til flammene fra flere steder i rommet.<\/p>","protected":false},"excerpt":{"rendered":"<p>Et designikon innen vedovner<\/p>","protected":false},"featured_media":1891,"comment_status":"open","ping_status":"closed","template":"","meta":[],"product_brand":[],"product_cat":[283],"product_tag":[],"class_list":{"0":"post-1872","1":"product","2":"type-product","3":"status-publish","4":"has-post-thumbnail","6":"product_cat-vedovn","8":"first","9":"instock","10":"shipping-taxable","11":"purchasable","12":"product-type-variable","13":"has-default-attributes"},"_links":{"self":[{"href":"https:\/\/meca-remorque.com\/fr\/wp-json\/wp\/v2\/product\/1872","targetHints":{"allow":["GET"]}}],"collection":[{"href":"https:\/\/meca-remorque.com\/fr\/wp-json\/wp\/v2\/product"}],"about":[{"href":"https:\/\/meca-remorque.com\/fr\/wp-json\/wp\/v2\/types\/product"}],"replies":[{"embeddable":true,"href":"https:\/\/meca-remorque.com\/fr\/wp-json\/wp\/v2\/comments?post=1872"}],"version-history":[{"count":1,"href":"https:\/\/meca-remorque.com\/fr\/wp-json\/wp\/v2\/product\/1872\/revisions"}],"predecessor-version":[{"id":1892,"href":"https:\/\/meca-remorque.com\/fr\/wp-json\/wp\/v2\/product\/1872\/revisions\/1892"}],"wp:featuredmedia":[{"embeddable":true,"href":"https:\/\/meca-remorque.com\/fr\/wp-json\/wp\/v2\/media\/1891"}],"wp:attachment":[{"href":"https:\/\/meca-remorque.com\/fr\/wp-json\/wp\/v2\/media?parent=1872"}],"wp:term":[{"taxonomy":"product_brand","embeddable":true,"href":"https:\/\/meca-remorque.com\/fr\/wp-json\/wp\/v2\/product_brand?post=1872"},{"taxonomy":"product_cat","embeddable":true,"href":"https:\/\/meca-remorque.com\/fr\/wp-json\/wp\/v2\/product_cat?post=1872"},{"taxonomy":"product_tag","embeddable":true,"href":"https:\/\/meca-remorque.com\/fr\/wp-json\/wp\/v2\/product_tag?post=1872"}],"curies":[{"name":"wp","href":"https:\/\/api.w.org\/{rel}","templated":true}]}}