{"id":1874,"date":"2025-11-29T22:16:40","date_gmt":"2025-11-29T21:16:40","guid":{"rendered":"https:\/\/meca-remorque.com\/?post_type=product&#038;p=1874"},"modified":"2025-12-03T13:39:30","modified_gmt":"2025-12-03T12:39:30","slug":"jotul-f-377-advance","status":"publish","type":"product","link":"https:\/\/meca-remorque.com\/fr\/produit\/jotul-f-377-advance\/","title":{"rendered":"J\u00d8TUL F 377 ADVANCE"},"content":{"rendered":"<p>Rentbrennende vedovn kledd i elegant og varmelagrende kleberstein langs sidene, og p\u00e5 toppen. Denne tidl\u00f8se vedovnen har glass p\u00e5 tre sider for godt innsyn til flammene fra flere steder i rommet. Med coatede sideglass og luftspyling er det enklere \u00e5 opprettholde renere glass. Vedovnen er utstyrt med en integrert &#8216;Stay&#8217;-funksjon som gj\u00f8r det enkelt \u00e5 holde d\u00f8ren \u00e5pen n\u00e5r du skal legge i ved. Brukervennlighet er viktig for oss i J\u00f8tul. Vedovnen har derfor \u00e9n hendel for enkel og riktig regulering av lufttilf\u00f8rsel. Dette gj\u00f8r opptenning og fyring ukomplisert. \u00d8nsker du \u00e5 kunne se flammene fra flere steder i rommet, kan et dreiesett f\u00e5s som tilleggsutstyr.<\/p>","protected":false},"excerpt":{"rendered":"<p>Vedovn med varmelagrende kleberstein<\/p>","protected":false},"featured_media":1903,"comment_status":"open","ping_status":"closed","template":"","meta":[],"product_brand":[],"product_cat":[283],"product_tag":[],"class_list":{"0":"post-1874","1":"product","2":"type-product","3":"status-publish","4":"has-post-thumbnail","6":"product_cat-vedovn","8":"first","9":"instock","10":"shipping-taxable","11":"purchasable","12":"product-type-variable","13":"has-default-attributes"},"_links":{"self":[{"href":"https:\/\/meca-remorque.com\/fr\/wp-json\/wp\/v2\/product\/1874","targetHints":{"allow":["GET"]}}],"collection":[{"href":"https:\/\/meca-remorque.com\/fr\/wp-json\/wp\/v2\/product"}],"about":[{"href":"https:\/\/meca-remorque.com\/fr\/wp-json\/wp\/v2\/types\/product"}],"replies":[{"embeddable":true,"href":"https:\/\/meca-remorque.com\/fr\/wp-json\/wp\/v2\/comments?post=1874"}],"version-history":[{"count":1,"href":"https:\/\/meca-remorque.com\/fr\/wp-json\/wp\/v2\/product\/1874\/revisions"}],"predecessor-version":[{"id":1904,"href":"https:\/\/meca-remorque.com\/fr\/wp-json\/wp\/v2\/product\/1874\/revisions\/1904"}],"wp:featuredmedia":[{"embeddable":true,"href":"https:\/\/meca-remorque.com\/fr\/wp-json\/wp\/v2\/media\/1903"}],"wp:attachment":[{"href":"https:\/\/meca-remorque.com\/fr\/wp-json\/wp\/v2\/media?parent=1874"}],"wp:term":[{"taxonomy":"product_brand","embeddable":true,"href":"https:\/\/meca-remorque.com\/fr\/wp-json\/wp\/v2\/product_brand?post=1874"},{"taxonomy":"product_cat","embeddable":true,"href":"https:\/\/meca-remorque.com\/fr\/wp-json\/wp\/v2\/product_cat?post=1874"},{"taxonomy":"product_tag","embeddable":true,"href":"https:\/\/meca-remorque.com\/fr\/wp-json\/wp\/v2\/product_tag?post=1874"}],"curies":[{"name":"wp","href":"https:\/\/api.w.org\/{rel}","templated":true}]}}