{"id":1876,"date":"2025-11-29T22:16:40","date_gmt":"2025-11-29T21:16:40","guid":{"rendered":"https:\/\/meca-remorque.com\/?post_type=product&#038;p=1876"},"modified":"2025-12-03T13:40:01","modified_gmt":"2025-12-03T12:40:01","slug":"jotul-f-377-advance-high-top","status":"publish","type":"product","link":"https:\/\/meca-remorque.com\/fr\/produit\/jotul-f-377-advance-high-top\/","title":{"rendered":"J\u00d8TUL F 377 ADVANCE HIGH TOP"},"content":{"rendered":"<p>Elegant og h\u00f8y vedovn i solid st\u00f8pejern med glass p\u00e5 tre sider. Denne tidl\u00f8se vedovnen er kledd i varmelagrende kleberstein, og den h\u00f8yreiste modellen gir deg mulighet til \u00e5 holde bedre p\u00e5 varmen ved \u00e5 integrere varmelagrende stein inne i toppen. Med coatede sideglass og luftspyling er vedovnen godt rustet for \u00e5 holde glassene renere over tid. I J\u00f8tul har vi stort fokus p\u00e5 ergonomiske og gode l\u00f8sninger som gj\u00f8r det enkelt for deg \u00e5 varme opp hjemmet. V\u00e5r magnetiske d\u00f8rlukkemekanisme bidrar til en jevn og enkel \u00e5pning av d\u00f8ren. I tillegg holdes d\u00f8ren \u00e5pen med en &#8216;Stay&#8217;-funksjon slik at du kan bruke begge hender n\u00e5r du legger i ved. Som tilleggsutstyr for \u00e5 f\u00e5 enda bedre utsikt til flammene, kan et dreiesett tillegges.<\/p>","protected":false},"excerpt":{"rendered":"<p>H\u00f8yreist, elegant og varmelagrende vedovn<\/p>","protected":false},"featured_media":1906,"comment_status":"open","ping_status":"closed","template":"","meta":[],"product_brand":[],"product_cat":[283],"product_tag":[],"class_list":{"0":"post-1876","1":"product","2":"type-product","3":"status-publish","4":"has-post-thumbnail","6":"product_cat-vedovn","8":"first","9":"instock","10":"shipping-taxable","11":"purchasable","12":"product-type-variable","13":"has-default-attributes"},"_links":{"self":[{"href":"https:\/\/meca-remorque.com\/fr\/wp-json\/wp\/v2\/product\/1876","targetHints":{"allow":["GET"]}}],"collection":[{"href":"https:\/\/meca-remorque.com\/fr\/wp-json\/wp\/v2\/product"}],"about":[{"href":"https:\/\/meca-remorque.com\/fr\/wp-json\/wp\/v2\/types\/product"}],"replies":[{"embeddable":true,"href":"https:\/\/meca-remorque.com\/fr\/wp-json\/wp\/v2\/comments?post=1876"}],"version-history":[{"count":1,"href":"https:\/\/meca-remorque.com\/fr\/wp-json\/wp\/v2\/product\/1876\/revisions"}],"predecessor-version":[{"id":1907,"href":"https:\/\/meca-remorque.com\/fr\/wp-json\/wp\/v2\/product\/1876\/revisions\/1907"}],"wp:featuredmedia":[{"embeddable":true,"href":"https:\/\/meca-remorque.com\/fr\/wp-json\/wp\/v2\/media\/1906"}],"wp:attachment":[{"href":"https:\/\/meca-remorque.com\/fr\/wp-json\/wp\/v2\/media?parent=1876"}],"wp:term":[{"taxonomy":"product_brand","embeddable":true,"href":"https:\/\/meca-remorque.com\/fr\/wp-json\/wp\/v2\/product_brand?post=1876"},{"taxonomy":"product_cat","embeddable":true,"href":"https:\/\/meca-remorque.com\/fr\/wp-json\/wp\/v2\/product_cat?post=1876"},{"taxonomy":"product_tag","embeddable":true,"href":"https:\/\/meca-remorque.com\/fr\/wp-json\/wp\/v2\/product_tag?post=1876"}],"curies":[{"name":"wp","href":"https:\/\/api.w.org\/{rel}","templated":true}]}}