{"id":1887,"date":"2025-11-29T22:17:09","date_gmt":"2025-11-29T21:17:09","guid":{"rendered":"https:\/\/meca-remorque.com\/?post_type=product&#038;p=1887"},"modified":"2025-12-03T13:38:51","modified_gmt":"2025-12-03T12:38:51","slug":"jotul-f-378-advance","status":"publish","type":"product","link":"https:\/\/meca-remorque.com\/fr\/produit\/jotul-f-378-advance\/","title":{"rendered":"J\u00d8TUL F 378 ADVANCE"},"content":{"rendered":"<p>Moderne J\u00f8tul-vedovn med tidl\u00f8st design, laget i solid st\u00f8pejern. Denne bestselgende modellen har glass p\u00e5 tre sider som gj\u00f8r det enklere \u00e5 se flammene fra flere steder i rommet. Med coatede sideglass og luftspyling gj\u00f8r denne vedovnen det enkelt \u00e5 holde glassene renere. I sokkelen har du mulighet for oppbevaring av opptenningsbrikker, peisvott og mindre opptenningsved, som skjules bak en d\u00f8r laget i st\u00f8pejern. V\u00e5r ergonomiske &#8216;Stay&#8217;-funksjon holder d\u00f8ren \u00e5pen n\u00e5r du legger i ved. Bak peisd\u00f8ren skjuler det seg en stor og romslig askeskuff, som er enkel \u00e5 t\u00f8mme. Regulering av luften styres enkelt ved hjelp av \u00e9n hendel. Dette sikrer riktig fyring og optimal varme i hjemmet. \u00d8nsker du \u00e5 se flammene fra flere sider i rommet, kan et dreiesett f\u00e5s som tilleggsutstyr.<\/p>","protected":false},"excerpt":{"rendered":"<p>Praktisk vedovn med moderne design<\/p>","protected":false},"featured_media":1914,"comment_status":"open","ping_status":"closed","template":"","meta":[],"product_brand":[],"product_cat":[283],"product_tag":[],"class_list":{"0":"post-1887","1":"product","2":"type-product","3":"status-publish","4":"has-post-thumbnail","6":"product_cat-vedovn","8":"first","9":"instock","10":"shipping-taxable","11":"purchasable","12":"product-type-variable","13":"has-default-attributes"},"_links":{"self":[{"href":"https:\/\/meca-remorque.com\/fr\/wp-json\/wp\/v2\/product\/1887","targetHints":{"allow":["GET"]}}],"collection":[{"href":"https:\/\/meca-remorque.com\/fr\/wp-json\/wp\/v2\/product"}],"about":[{"href":"https:\/\/meca-remorque.com\/fr\/wp-json\/wp\/v2\/types\/product"}],"replies":[{"embeddable":true,"href":"https:\/\/meca-remorque.com\/fr\/wp-json\/wp\/v2\/comments?post=1887"}],"version-history":[{"count":1,"href":"https:\/\/meca-remorque.com\/fr\/wp-json\/wp\/v2\/product\/1887\/revisions"}],"predecessor-version":[{"id":1915,"href":"https:\/\/meca-remorque.com\/fr\/wp-json\/wp\/v2\/product\/1887\/revisions\/1915"}],"wp:featuredmedia":[{"embeddable":true,"href":"https:\/\/meca-remorque.com\/fr\/wp-json\/wp\/v2\/media\/1914"}],"wp:attachment":[{"href":"https:\/\/meca-remorque.com\/fr\/wp-json\/wp\/v2\/media?parent=1887"}],"wp:term":[{"taxonomy":"product_brand","embeddable":true,"href":"https:\/\/meca-remorque.com\/fr\/wp-json\/wp\/v2\/product_brand?post=1887"},{"taxonomy":"product_cat","embeddable":true,"href":"https:\/\/meca-remorque.com\/fr\/wp-json\/wp\/v2\/product_cat?post=1887"},{"taxonomy":"product_tag","embeddable":true,"href":"https:\/\/meca-remorque.com\/fr\/wp-json\/wp\/v2\/product_tag?post=1887"}],"curies":[{"name":"wp","href":"https:\/\/api.w.org\/{rel}","templated":true}]}}