{"id":1889,"date":"2025-11-29T22:17:09","date_gmt":"2025-11-29T21:17:09","guid":{"rendered":"https:\/\/meca-remorque.com\/?post_type=product&#038;p=1889"},"modified":"2025-12-03T13:39:16","modified_gmt":"2025-12-03T12:39:16","slug":"jotul-f-378-advance-high-top","status":"publish","type":"product","link":"https:\/\/meca-remorque.com\/fr\/produit\/jotul-f-378-advance-high-top\/","title":{"rendered":"J\u00d8TUL F 378 ADVANCE HIGH TOP"},"content":{"rendered":"<p>H\u00f8y, moderne og tidl\u00f8s vedovn i st\u00f8pejern med tre glass; et stort frontglass og et p\u00e5 hver av sidene. H\u00f8yden p\u00e5 denne prisvinnende modellen gir mulighet for varmelagrende stein i toppen. Varmelagrende stein holder p\u00e5 varmen i mange timer etter siste ilegg, og gj\u00f8r det enklere \u00e5 holde en jevn varme. Den er utstyrt med coatede sideglass og luftspyling som bidrar til renere glass. Vedovnen kommer ogs\u00e5 med en smart og brukervennlig luftregulering, som sikrer riktig og enkel styring av luft, og behagelig oppvarming. Sokkelen er designet med d\u00f8r i st\u00f8pejern og gir en enhetlig front. Her kan du lagre opptenningsved, peisvott og opptenningsbriketter. I tillegg har den integrert &#8216;Stay&#8217;-funksjon som holder d\u00f8ren \u00e5pen n\u00e5r du legger i ved. Et dreiesett kan f\u00e5s som tilleggsutstyr hvis du \u00f8nsker utsikt til de beroligende flammene fra flere steder i rommet.<\/p>","protected":false},"excerpt":{"rendered":"<p>H\u00f8y vedovn som kan lagre varme<\/p>","protected":false},"featured_media":1918,"comment_status":"open","ping_status":"closed","template":"","meta":[],"product_brand":[],"product_cat":[283],"product_tag":[],"class_list":{"0":"post-1889","1":"product","2":"type-product","3":"status-publish","4":"has-post-thumbnail","6":"product_cat-vedovn","8":"first","9":"instock","10":"shipping-taxable","11":"purchasable","12":"product-type-variable","13":"has-default-attributes"},"_links":{"self":[{"href":"https:\/\/meca-remorque.com\/fr\/wp-json\/wp\/v2\/product\/1889","targetHints":{"allow":["GET"]}}],"collection":[{"href":"https:\/\/meca-remorque.com\/fr\/wp-json\/wp\/v2\/product"}],"about":[{"href":"https:\/\/meca-remorque.com\/fr\/wp-json\/wp\/v2\/types\/product"}],"replies":[{"embeddable":true,"href":"https:\/\/meca-remorque.com\/fr\/wp-json\/wp\/v2\/comments?post=1889"}],"version-history":[{"count":1,"href":"https:\/\/meca-remorque.com\/fr\/wp-json\/wp\/v2\/product\/1889\/revisions"}],"predecessor-version":[{"id":1919,"href":"https:\/\/meca-remorque.com\/fr\/wp-json\/wp\/v2\/product\/1889\/revisions\/1919"}],"wp:featuredmedia":[{"embeddable":true,"href":"https:\/\/meca-remorque.com\/fr\/wp-json\/wp\/v2\/media\/1918"}],"wp:attachment":[{"href":"https:\/\/meca-remorque.com\/fr\/wp-json\/wp\/v2\/media?parent=1889"}],"wp:term":[{"taxonomy":"product_brand","embeddable":true,"href":"https:\/\/meca-remorque.com\/fr\/wp-json\/wp\/v2\/product_brand?post=1889"},{"taxonomy":"product_cat","embeddable":true,"href":"https:\/\/meca-remorque.com\/fr\/wp-json\/wp\/v2\/product_cat?post=1889"},{"taxonomy":"product_tag","embeddable":true,"href":"https:\/\/meca-remorque.com\/fr\/wp-json\/wp\/v2\/product_tag?post=1889"}],"curies":[{"name":"wp","href":"https:\/\/api.w.org\/{rel}","templated":true}]}}