{"id":1901,"date":"2025-11-29T22:17:32","date_gmt":"2025-11-29T21:17:32","guid":{"rendered":"https:\/\/meca-remorque.com\/?post_type=product&#038;p=1901"},"modified":"2025-12-03T13:38:40","modified_gmt":"2025-12-03T12:38:40","slug":"jotul-f-363-advance","status":"publish","type":"product","link":"https:\/\/meca-remorque.com\/fr\/produit\/jotul-f-363-advance\/","title":{"rendered":"J\u00d8TUL F 363 ADVANCE"},"content":{"rendered":"<p>Elegant vedovn i st\u00f8pejern med brukervennlige l\u00f8sninger. I J\u00f8tul har vi fokus p\u00e5 brukervennlighet, og den integrerte ergonomiske &#8216;Stay&#8217;-funksjonen i d\u00f8ren gj\u00f8r fyringsprosessen enklere under oppstart, og n\u00e5r du skal legge i ved. Integrert luftspyling bidrar til \u00e5 holde glasset renere. \u00c9n smart luftventil gj\u00f8r det ogs\u00e5 enkelt \u00e5 b\u00e5de tenne opp, og holde fyr i vedovnen. Dette f\u00f8rer til redusert vedforbruk og milj\u00f8vennlig forbrenning. Et dreiesett som gj\u00f8r det mulig \u00e5 endre vinkel p\u00e5 vedovnen, og nyte utsikten til flammene fra flere steder i rommet, kan legges til etter \u00f8nske.<\/p>","protected":false},"excerpt":{"rendered":"<p>Elegant og brukervennlig vedovn<\/p>","protected":false},"featured_media":1925,"comment_status":"open","ping_status":"closed","template":"","meta":[],"product_brand":[],"product_cat":[283],"product_tag":[],"class_list":{"0":"post-1901","1":"product","2":"type-product","3":"status-publish","4":"has-post-thumbnail","6":"product_cat-vedovn","8":"first","9":"instock","10":"shipping-taxable","11":"purchasable","12":"product-type-variable","13":"has-default-attributes"},"_links":{"self":[{"href":"https:\/\/meca-remorque.com\/fr\/wp-json\/wp\/v2\/product\/1901","targetHints":{"allow":["GET"]}}],"collection":[{"href":"https:\/\/meca-remorque.com\/fr\/wp-json\/wp\/v2\/product"}],"about":[{"href":"https:\/\/meca-remorque.com\/fr\/wp-json\/wp\/v2\/types\/product"}],"replies":[{"embeddable":true,"href":"https:\/\/meca-remorque.com\/fr\/wp-json\/wp\/v2\/comments?post=1901"}],"version-history":[{"count":1,"href":"https:\/\/meca-remorque.com\/fr\/wp-json\/wp\/v2\/product\/1901\/revisions"}],"predecessor-version":[{"id":1926,"href":"https:\/\/meca-remorque.com\/fr\/wp-json\/wp\/v2\/product\/1901\/revisions\/1926"}],"wp:featuredmedia":[{"embeddable":true,"href":"https:\/\/meca-remorque.com\/fr\/wp-json\/wp\/v2\/media\/1925"}],"wp:attachment":[{"href":"https:\/\/meca-remorque.com\/fr\/wp-json\/wp\/v2\/media?parent=1901"}],"wp:term":[{"taxonomy":"product_brand","embeddable":true,"href":"https:\/\/meca-remorque.com\/fr\/wp-json\/wp\/v2\/product_brand?post=1901"},{"taxonomy":"product_cat","embeddable":true,"href":"https:\/\/meca-remorque.com\/fr\/wp-json\/wp\/v2\/product_cat?post=1901"},{"taxonomy":"product_tag","embeddable":true,"href":"https:\/\/meca-remorque.com\/fr\/wp-json\/wp\/v2\/product_tag?post=1901"}],"curies":[{"name":"wp","href":"https:\/\/api.w.org\/{rel}","templated":true}]}}