{"id":1910,"date":"2025-11-29T22:17:58","date_gmt":"2025-11-29T21:17:58","guid":{"rendered":"https:\/\/meca-remorque.com\/?post_type=product&#038;p=1910"},"modified":"2025-12-03T13:38:02","modified_gmt":"2025-12-03T12:38:02","slug":"jotul-f-368-advance","status":"publish","type":"product","link":"https:\/\/meca-remorque.com\/fr\/produit\/jotul-f-368-advance\/","title":{"rendered":"J\u00d8TUL F 368 ADVANCE"},"content":{"rendered":"<p>Moderne vedovn med smarte funksjoner som gir lavt vedforbruk, rene glass og milj\u00f8vennlig forbrenning. Vedovnen er utstyrt med en ergonomisk d\u00f8r med &#8216;Stay&#8217;-funksjon som holder den \u00e5pen ved ilegg av ved, samt en praktisk askel\u00f8sning for enkel t\u00f8mming av aske. I tillegg har den luftspyling som bidrar til renere glass. Sokkelen med d\u00f8r i st\u00f8pejern skjuler et rom som er perfekt for oppbevaring av mindre opptenningsved, eller utstyr som opptenningsbriketter, peisvott og lighter. \u00d8nsker du \u00e5 kunne se flammene fra flere steder i rommet, kan et dreiesett f\u00e5s som tilleggsutstyr.<\/p>","protected":false},"excerpt":{"rendered":"<p>Moderne vedovn med praktiske egenskaper<\/p>","protected":false},"featured_media":1931,"comment_status":"open","ping_status":"closed","template":"","meta":[],"product_brand":[],"product_cat":[283],"product_tag":[],"class_list":{"0":"post-1910","1":"product","2":"type-product","3":"status-publish","4":"has-post-thumbnail","6":"product_cat-vedovn","8":"first","9":"instock","10":"shipping-taxable","11":"purchasable","12":"product-type-variable","13":"has-default-attributes"},"_links":{"self":[{"href":"https:\/\/meca-remorque.com\/fr\/wp-json\/wp\/v2\/product\/1910","targetHints":{"allow":["GET"]}}],"collection":[{"href":"https:\/\/meca-remorque.com\/fr\/wp-json\/wp\/v2\/product"}],"about":[{"href":"https:\/\/meca-remorque.com\/fr\/wp-json\/wp\/v2\/types\/product"}],"replies":[{"embeddable":true,"href":"https:\/\/meca-remorque.com\/fr\/wp-json\/wp\/v2\/comments?post=1910"}],"version-history":[{"count":1,"href":"https:\/\/meca-remorque.com\/fr\/wp-json\/wp\/v2\/product\/1910\/revisions"}],"predecessor-version":[{"id":1932,"href":"https:\/\/meca-remorque.com\/fr\/wp-json\/wp\/v2\/product\/1910\/revisions\/1932"}],"wp:featuredmedia":[{"embeddable":true,"href":"https:\/\/meca-remorque.com\/fr\/wp-json\/wp\/v2\/media\/1931"}],"wp:attachment":[{"href":"https:\/\/meca-remorque.com\/fr\/wp-json\/wp\/v2\/media?parent=1910"}],"wp:term":[{"taxonomy":"product_brand","embeddable":true,"href":"https:\/\/meca-remorque.com\/fr\/wp-json\/wp\/v2\/product_brand?post=1910"},{"taxonomy":"product_cat","embeddable":true,"href":"https:\/\/meca-remorque.com\/fr\/wp-json\/wp\/v2\/product_cat?post=1910"},{"taxonomy":"product_tag","embeddable":true,"href":"https:\/\/meca-remorque.com\/fr\/wp-json\/wp\/v2\/product_tag?post=1910"}],"curies":[{"name":"wp","href":"https:\/\/api.w.org\/{rel}","templated":true}]}}