{"id":1912,"date":"2025-11-29T22:17:58","date_gmt":"2025-11-29T21:17:58","guid":{"rendered":"https:\/\/meca-remorque.com\/?post_type=product&#038;p=1912"},"modified":"2025-12-03T13:38:14","modified_gmt":"2025-12-03T12:38:14","slug":"jotul-f-368-advance-high-top","status":"publish","type":"product","link":"https:\/\/meca-remorque.com\/fr\/produit\/jotul-f-368-advance-high-top\/","title":{"rendered":"J\u00d8TUL F 368 ADVANCE HIGH TOP"},"content":{"rendered":"<p>H\u00f8y vedovn i solid st\u00f8pejern, med mulighet for varmelagrende stein i toppen. Denne vedovnen er utstyrt med en brukervennlig ergonomisk &#8216;Stay&#8217;-funksjon som holder d\u00f8ren \u00e5pen n\u00e5r du legger i ved. I tillegg har den luftspyling som gj\u00f8r at glasset holder seg renere. Den kan ogs\u00e5 tilpasses ved \u00e5 legge til dreiesett, slik at du kan nyte utsikten til flammene fra flere steder i rommet. Bak en solid d\u00f8r av st\u00f8pejern i sokkelen, skjuler det seg et rom perfekt for oppbevaring av mindre ved og tennbriketter til opptenning, eller annet utstyr som peisvott og lighter.<\/p>","protected":false},"excerpt":{"rendered":"<p>H\u00f8yreist og varmelagrende vedovn<\/p>","protected":false},"featured_media":1938,"comment_status":"open","ping_status":"closed","template":"","meta":[],"product_brand":[],"product_cat":[283],"product_tag":[],"class_list":{"0":"post-1912","1":"product","2":"type-product","3":"status-publish","4":"has-post-thumbnail","6":"product_cat-vedovn","8":"first","9":"instock","10":"shipping-taxable","11":"purchasable","12":"product-type-variable","13":"has-default-attributes"},"_links":{"self":[{"href":"https:\/\/meca-remorque.com\/fr\/wp-json\/wp\/v2\/product\/1912","targetHints":{"allow":["GET"]}}],"collection":[{"href":"https:\/\/meca-remorque.com\/fr\/wp-json\/wp\/v2\/product"}],"about":[{"href":"https:\/\/meca-remorque.com\/fr\/wp-json\/wp\/v2\/types\/product"}],"replies":[{"embeddable":true,"href":"https:\/\/meca-remorque.com\/fr\/wp-json\/wp\/v2\/comments?post=1912"}],"version-history":[{"count":1,"href":"https:\/\/meca-remorque.com\/fr\/wp-json\/wp\/v2\/product\/1912\/revisions"}],"predecessor-version":[{"id":1939,"href":"https:\/\/meca-remorque.com\/fr\/wp-json\/wp\/v2\/product\/1912\/revisions\/1939"}],"wp:featuredmedia":[{"embeddable":true,"href":"https:\/\/meca-remorque.com\/fr\/wp-json\/wp\/v2\/media\/1938"}],"wp:attachment":[{"href":"https:\/\/meca-remorque.com\/fr\/wp-json\/wp\/v2\/media?parent=1912"}],"wp:term":[{"taxonomy":"product_brand","embeddable":true,"href":"https:\/\/meca-remorque.com\/fr\/wp-json\/wp\/v2\/product_brand?post=1912"},{"taxonomy":"product_cat","embeddable":true,"href":"https:\/\/meca-remorque.com\/fr\/wp-json\/wp\/v2\/product_cat?post=1912"},{"taxonomy":"product_tag","embeddable":true,"href":"https:\/\/meca-remorque.com\/fr\/wp-json\/wp\/v2\/product_tag?post=1912"}],"curies":[{"name":"wp","href":"https:\/\/api.w.org\/{rel}","templated":true}]}}