{"id":1921,"date":"2025-11-29T22:18:23","date_gmt":"2025-11-29T21:18:23","guid":{"rendered":"https:\/\/meca-remorque.com\/?post_type=product&#038;p=1921"},"modified":"2025-12-03T13:26:08","modified_gmt":"2025-12-03T12:26:08","slug":"scan-5004-frl","status":"publish","type":"product","link":"https:\/\/meca-remorque.com\/fr\/produit\/scan-5004-frl\/","title":{"rendered":"SCAN 5004 FRL"},"content":{"rendered":"<p>Scan 5004 FRL er en stor innsats med glass p\u00e5 tre sider som vil dominere rommet og spre en f\u00f8lelse av luksus. En lekker heved\u00f8r med soft-close lukkemekanisme gir et eksklusivt inntrykk.<\/p>","protected":false},"excerpt":{"rendered":"<p>Store glassflater<\/p>","protected":false},"featured_media":1941,"comment_status":"open","ping_status":"closed","template":"","meta":[],"product_brand":[],"product_cat":[279],"product_tag":[],"class_list":{"0":"post-1921","1":"product","2":"type-product","3":"status-publish","4":"has-post-thumbnail","6":"product_cat-peisinnsatser","8":"first","9":"instock","10":"shipping-taxable","11":"purchasable","12":"product-type-variable","13":"has-default-attributes"},"_links":{"self":[{"href":"https:\/\/meca-remorque.com\/fr\/wp-json\/wp\/v2\/product\/1921","targetHints":{"allow":["GET"]}}],"collection":[{"href":"https:\/\/meca-remorque.com\/fr\/wp-json\/wp\/v2\/product"}],"about":[{"href":"https:\/\/meca-remorque.com\/fr\/wp-json\/wp\/v2\/types\/product"}],"replies":[{"embeddable":true,"href":"https:\/\/meca-remorque.com\/fr\/wp-json\/wp\/v2\/comments?post=1921"}],"version-history":[{"count":1,"href":"https:\/\/meca-remorque.com\/fr\/wp-json\/wp\/v2\/product\/1921\/revisions"}],"predecessor-version":[{"id":1942,"href":"https:\/\/meca-remorque.com\/fr\/wp-json\/wp\/v2\/product\/1921\/revisions\/1942"}],"wp:featuredmedia":[{"embeddable":true,"href":"https:\/\/meca-remorque.com\/fr\/wp-json\/wp\/v2\/media\/1941"}],"wp:attachment":[{"href":"https:\/\/meca-remorque.com\/fr\/wp-json\/wp\/v2\/media?parent=1921"}],"wp:term":[{"taxonomy":"product_brand","embeddable":true,"href":"https:\/\/meca-remorque.com\/fr\/wp-json\/wp\/v2\/product_brand?post=1921"},{"taxonomy":"product_cat","embeddable":true,"href":"https:\/\/meca-remorque.com\/fr\/wp-json\/wp\/v2\/product_cat?post=1921"},{"taxonomy":"product_tag","embeddable":true,"href":"https:\/\/meca-remorque.com\/fr\/wp-json\/wp\/v2\/product_tag?post=1921"}],"curies":[{"name":"wp","href":"https:\/\/api.w.org\/{rel}","templated":true}]}}