{"id":3210,"date":"2025-12-02T19:47:38","date_gmt":"2025-12-02T18:47:38","guid":{"rendered":"https:\/\/meca-remorque.com\/?post_type=product&#038;p=3210"},"modified":"2025-12-02T19:47:44","modified_gmt":"2025-12-02T18:47:44","slug":"vedovn-super-junior-anthracite-black","status":"publish","type":"product","link":"https:\/\/meca-remorque.com\/fr\/produit\/vedovn-super-junior-anthracite-black\/","title":{"rendered":"Vedovn Super Junior Anthracite Black"},"content":{"rendered":"","protected":false},"excerpt":{"rendered":"<p>Kompakt og plasseringsvennlig vedovn i st\u00f8pejern med kokeplate p\u00e5 toppen. Ovnsskroget og ovnsd\u00f8ren er i st\u00f8pejern, som gir en stabil og holdbar ovn. Peisglasset i d\u00f8ren gir et flott innsyn til b\u00e5let og gir peiskos samme hvor du velger og plassere den. Ovnen er samtidig en meget god varmekilde som kan varme opptil 143 m3, som tilsvarer ca 60 m2. Kokeplaten p\u00e5 toppen gir et fleksibelt ildsted som gj\u00f8r seg like godt p\u00e5 kj\u00f8kkenet hjemme, som den gj\u00f8r p\u00e5 hytta.<\/p>","protected":false},"featured_media":3243,"comment_status":"open","ping_status":"closed","template":"","meta":[],"product_brand":[],"product_cat":[281,282],"product_tag":[],"class_list":{"0":"post-3210","1":"product","2":"type-product","3":"status-publish","4":"has-post-thumbnail","6":"product_cat-ovn","7":"product_cat-peisovner-og-vedovner","9":"first","10":"instock","11":"shipping-taxable","12":"purchasable","13":"product-type-simple"},"_links":{"self":[{"href":"https:\/\/meca-remorque.com\/fr\/wp-json\/wp\/v2\/product\/3210","targetHints":{"allow":["GET"]}}],"collection":[{"href":"https:\/\/meca-remorque.com\/fr\/wp-json\/wp\/v2\/product"}],"about":[{"href":"https:\/\/meca-remorque.com\/fr\/wp-json\/wp\/v2\/types\/product"}],"replies":[{"embeddable":true,"href":"https:\/\/meca-remorque.com\/fr\/wp-json\/wp\/v2\/comments?post=3210"}],"version-history":[{"count":1,"href":"https:\/\/meca-remorque.com\/fr\/wp-json\/wp\/v2\/product\/3210\/revisions"}],"predecessor-version":[{"id":3244,"href":"https:\/\/meca-remorque.com\/fr\/wp-json\/wp\/v2\/product\/3210\/revisions\/3244"}],"wp:featuredmedia":[{"embeddable":true,"href":"https:\/\/meca-remorque.com\/fr\/wp-json\/wp\/v2\/media\/3243"}],"wp:attachment":[{"href":"https:\/\/meca-remorque.com\/fr\/wp-json\/wp\/v2\/media?parent=3210"}],"wp:term":[{"taxonomy":"product_brand","embeddable":true,"href":"https:\/\/meca-remorque.com\/fr\/wp-json\/wp\/v2\/product_brand?post=3210"},{"taxonomy":"product_cat","embeddable":true,"href":"https:\/\/meca-remorque.com\/fr\/wp-json\/wp\/v2\/product_cat?post=3210"},{"taxonomy":"product_tag","embeddable":true,"href":"https:\/\/meca-remorque.com\/fr\/wp-json\/wp\/v2\/product_tag?post=3210"}],"curies":[{"name":"wp","href":"https:\/\/api.w.org\/{rel}","templated":true}]}}