{"id":3213,"date":"2025-12-02T19:47:38","date_gmt":"2025-12-02T18:47:38","guid":{"rendered":"https:\/\/meca-remorque.com\/?post_type=product&#038;p=3213"},"modified":"2025-12-03T13:29:37","modified_gmt":"2025-12-03T12:29:37","slug":"mbs-vedkomfyr-magnum-kleber-uttak-hoyre","status":"publish","type":"product","link":"https:\/\/meca-remorque.com\/fr\/produit\/mbs-vedkomfyr-magnum-kleber-uttak-hoyre\/","title":{"rendered":"MBS Vedkomfyr Magnum kleber, uttak h\u00f8yre"},"content":{"rendered":"<p>Stilig kj\u00f8kkenkomfyr med kleberstein. Leveres ogs\u00e5 &#8220;speilvendt&#8221;Magnum C kj\u00f8kkenkomfyr er en nostalgisk vedkomfyr med moderne fyringsegenskaper. Komfyren har stekeplate (som kan fjernes) i topplaten, brennkammer av st\u00f8pejern, varmeskap under stekeovn, askeskuff og vedskuff i bunnen.Stekeovnen er p\u00e5 35 cm(B) x 27 cm(h) x 47 cm(D), og det f\u00f8lger det med 1 emaljert langpanne.Med sine moderne fyringsegenskaper egner de seg utmerket som varmekilde i tillegg til at man kan lage mat p\u00e5 den. Ovnen leveres b\u00e5de som venstre og h\u00f8yre modell. Vennligst oppgi dette med bestilling. Ovnen er testet etter EN 12815, Ildsted beregnet for matlaging.<\/p>","protected":false},"excerpt":{"rendered":"<p>Stilig kj\u00f8kkenkomfyr med kleberstein. Leveres ogs\u00e5 &#8220;speilvendt&#8221; &#8230;les mer<\/p>","protected":false},"featured_media":3250,"comment_status":"open","ping_status":"closed","template":"","meta":[],"product_brand":[],"product_cat":[281,282,283],"product_tag":[],"class_list":{"0":"post-3213","1":"product","2":"type-product","3":"status-publish","4":"has-post-thumbnail","6":"product_cat-ovn","7":"product_cat-peisovner-og-vedovner","8":"product_cat-vedovn","10":"first","11":"instock","12":"shipping-taxable","13":"purchasable","14":"product-type-simple"},"_links":{"self":[{"href":"https:\/\/meca-remorque.com\/fr\/wp-json\/wp\/v2\/product\/3213","targetHints":{"allow":["GET"]}}],"collection":[{"href":"https:\/\/meca-remorque.com\/fr\/wp-json\/wp\/v2\/product"}],"about":[{"href":"https:\/\/meca-remorque.com\/fr\/wp-json\/wp\/v2\/types\/product"}],"replies":[{"embeddable":true,"href":"https:\/\/meca-remorque.com\/fr\/wp-json\/wp\/v2\/comments?post=3213"}],"version-history":[{"count":1,"href":"https:\/\/meca-remorque.com\/fr\/wp-json\/wp\/v2\/product\/3213\/revisions"}],"predecessor-version":[{"id":3251,"href":"https:\/\/meca-remorque.com\/fr\/wp-json\/wp\/v2\/product\/3213\/revisions\/3251"}],"wp:featuredmedia":[{"embeddable":true,"href":"https:\/\/meca-remorque.com\/fr\/wp-json\/wp\/v2\/media\/3250"}],"wp:attachment":[{"href":"https:\/\/meca-remorque.com\/fr\/wp-json\/wp\/v2\/media?parent=3213"}],"wp:term":[{"taxonomy":"product_brand","embeddable":true,"href":"https:\/\/meca-remorque.com\/fr\/wp-json\/wp\/v2\/product_brand?post=3213"},{"taxonomy":"product_cat","embeddable":true,"href":"https:\/\/meca-remorque.com\/fr\/wp-json\/wp\/v2\/product_cat?post=3213"},{"taxonomy":"product_tag","embeddable":true,"href":"https:\/\/meca-remorque.com\/fr\/wp-json\/wp\/v2\/product_tag?post=3213"}],"curies":[{"name":"wp","href":"https:\/\/api.w.org\/{rel}","templated":true}]}}