{"id":3218,"date":"2025-12-02T19:47:38","date_gmt":"2025-12-02T18:47:38","guid":{"rendered":"https:\/\/meca-remorque.com\/?post_type=product&#038;p=3218"},"modified":"2025-12-02T19:47:49","modified_gmt":"2025-12-02T18:47:49","slug":"aduro-9-lux-ceramic","status":"publish","type":"product","link":"https:\/\/meca-remorque.com\/fr\/produit\/aduro-9-lux-ceramic\/","title":{"rendered":"Aduro 9 Lux Ceramic"},"content":{"rendered":"<p>Aduro 9 Lux Ceramic er en h\u00f8y og slank peisovn som med sine 140 cm er s\u00e6rlig velegnet til store rom hvor det er h\u00f8yt under taket. Aduro 9 Lux Ceramic er kledd med lys keramikk som gir ovnen et avslappet og r\u00f8ft utseende i kontrast til ovnens blanke glassd\u00f8r.<\/p>","protected":false},"excerpt":{"rendered":"<p>Aduro 9 Lux Ceramic er en h\u00f8y og slank peisovn som med sine 140 cm er s\u00e6rlig velegnet til store rom hvor det er h\u00f8yt under taket. &#8230;les mer<\/p>","protected":false},"featured_media":3260,"comment_status":"open","ping_status":"closed","template":"","meta":[],"product_brand":[],"product_cat":[281,282],"product_tag":[],"class_list":{"0":"post-3218","1":"product","2":"type-product","3":"status-publish","4":"has-post-thumbnail","6":"product_cat-ovn","7":"product_cat-peisovner-og-vedovner","9":"first","10":"instock","11":"shipping-taxable","12":"purchasable","13":"product-type-simple"},"_links":{"self":[{"href":"https:\/\/meca-remorque.com\/fr\/wp-json\/wp\/v2\/product\/3218","targetHints":{"allow":["GET"]}}],"collection":[{"href":"https:\/\/meca-remorque.com\/fr\/wp-json\/wp\/v2\/product"}],"about":[{"href":"https:\/\/meca-remorque.com\/fr\/wp-json\/wp\/v2\/types\/product"}],"replies":[{"embeddable":true,"href":"https:\/\/meca-remorque.com\/fr\/wp-json\/wp\/v2\/comments?post=3218"}],"version-history":[{"count":1,"href":"https:\/\/meca-remorque.com\/fr\/wp-json\/wp\/v2\/product\/3218\/revisions"}],"predecessor-version":[{"id":3261,"href":"https:\/\/meca-remorque.com\/fr\/wp-json\/wp\/v2\/product\/3218\/revisions\/3261"}],"wp:featuredmedia":[{"embeddable":true,"href":"https:\/\/meca-remorque.com\/fr\/wp-json\/wp\/v2\/media\/3260"}],"wp:attachment":[{"href":"https:\/\/meca-remorque.com\/fr\/wp-json\/wp\/v2\/media?parent=3218"}],"wp:term":[{"taxonomy":"product_brand","embeddable":true,"href":"https:\/\/meca-remorque.com\/fr\/wp-json\/wp\/v2\/product_brand?post=3218"},{"taxonomy":"product_cat","embeddable":true,"href":"https:\/\/meca-remorque.com\/fr\/wp-json\/wp\/v2\/product_cat?post=3218"},{"taxonomy":"product_tag","embeddable":true,"href":"https:\/\/meca-remorque.com\/fr\/wp-json\/wp\/v2\/product_tag?post=3218"}],"curies":[{"name":"wp","href":"https:\/\/api.w.org\/{rel}","templated":true}]}}