{"id":3224,"date":"2025-12-02T19:47:38","date_gmt":"2025-12-02T18:47:38","guid":{"rendered":"https:\/\/meca-remorque.com\/?post_type=product&#038;p=3224"},"modified":"2025-12-02T19:47:51","modified_gmt":"2025-12-02T18:47:51","slug":"aduro-12","status":"publish","type":"product","link":"https:\/\/meca-remorque.com\/fr\/produit\/aduro-12\/","title":{"rendered":"Aduro 12"},"content":{"rendered":"<p>Kubisk vedovn med stort hj\u00f8rneglass som gir godt innsyn til flammene fra flere vinkler.Aduro 12 er en ideell hj\u00f8rnemodell fordi r\u00f8ykr\u00f8ret kan vinkles til begge sider.Alternativt kan ovnen leveres med en tilleggsmodul til oppbevaring av ved.Med denne passer ovnen best p\u00e5 en rett vegg.En ny toppenhet sikrer at modulen blir fullt integrert med ovnen.<\/p>","protected":false},"excerpt":{"rendered":"<p>Kubisk vedovn med stort hj\u00f8rneglass som gir godt innsyn til flammene fra flere vinkler. &#8230;les mer<\/p>","protected":false},"featured_media":3272,"comment_status":"open","ping_status":"closed","template":"","meta":[],"product_brand":[],"product_cat":[281,282],"product_tag":[],"class_list":{"0":"post-3224","1":"product","2":"type-product","3":"status-publish","4":"has-post-thumbnail","6":"product_cat-ovn","7":"product_cat-peisovner-og-vedovner","9":"first","10":"instock","11":"sale","12":"shipping-taxable","13":"purchasable","14":"product-type-simple"},"_links":{"self":[{"href":"https:\/\/meca-remorque.com\/fr\/wp-json\/wp\/v2\/product\/3224","targetHints":{"allow":["GET"]}}],"collection":[{"href":"https:\/\/meca-remorque.com\/fr\/wp-json\/wp\/v2\/product"}],"about":[{"href":"https:\/\/meca-remorque.com\/fr\/wp-json\/wp\/v2\/types\/product"}],"replies":[{"embeddable":true,"href":"https:\/\/meca-remorque.com\/fr\/wp-json\/wp\/v2\/comments?post=3224"}],"version-history":[{"count":1,"href":"https:\/\/meca-remorque.com\/fr\/wp-json\/wp\/v2\/product\/3224\/revisions"}],"predecessor-version":[{"id":3273,"href":"https:\/\/meca-remorque.com\/fr\/wp-json\/wp\/v2\/product\/3224\/revisions\/3273"}],"wp:featuredmedia":[{"embeddable":true,"href":"https:\/\/meca-remorque.com\/fr\/wp-json\/wp\/v2\/media\/3272"}],"wp:attachment":[{"href":"https:\/\/meca-remorque.com\/fr\/wp-json\/wp\/v2\/media?parent=3224"}],"wp:term":[{"taxonomy":"product_brand","embeddable":true,"href":"https:\/\/meca-remorque.com\/fr\/wp-json\/wp\/v2\/product_brand?post=3224"},{"taxonomy":"product_cat","embeddable":true,"href":"https:\/\/meca-remorque.com\/fr\/wp-json\/wp\/v2\/product_cat?post=3224"},{"taxonomy":"product_tag","embeddable":true,"href":"https:\/\/meca-remorque.com\/fr\/wp-json\/wp\/v2\/product_tag?post=3224"}],"curies":[{"name":"wp","href":"https:\/\/api.w.org\/{rel}","templated":true}]}}