{"id":3236,"date":"2025-12-02T19:47:39","date_gmt":"2025-12-02T18:47:39","guid":{"rendered":"https:\/\/meca-remorque.com\/?post_type=product&#038;p=3236"},"modified":"2025-12-02T19:47:59","modified_gmt":"2025-12-02T18:47:59","slug":"lotus-mondo-3-g-steel-and-glass-sides","status":"publish","type":"product","link":"https:\/\/meca-remorque.com\/fr\/produit\/lotus-mondo-3-g-steel-and-glass-sides\/","title":{"rendered":"Lotus Mondo 3 G Steel and Glass sides"},"content":{"rendered":"<p>Mondo 3G, den nyeste modellen i Mondo-serien, byr p\u00e5 imponerende varmekapasitet og eksepsjonell kvalitet. Med doble glasspaneler p\u00e5 sidene kan den varme gl\u00f8den fra ilden nytes fra alle vinkler. St\u00f8pejernsd\u00f8rene og den robuste konstruksjonen veier 112 kg, noe som sikrer effektiv ytelse. Topplater i kleberstein eller Indian Night er tilgjengelig som tilvalg for ekstra stil.<\/p>","protected":false},"excerpt":{"rendered":"<p>Mondo 3G er det siste tilskuddet i ovnsserien fra Mondo, som er kjent for sin imponerende oppvarmingskapasitet samt soft close mekanismen. &#8230;les mer<\/p>","protected":false},"featured_media":3296,"comment_status":"open","ping_status":"closed","template":"","meta":[],"product_brand":[],"product_cat":[281,282],"product_tag":[],"class_list":{"0":"post-3236","1":"product","2":"type-product","3":"status-publish","4":"has-post-thumbnail","6":"product_cat-ovn","7":"product_cat-peisovner-og-vedovner","9":"first","10":"instock","11":"shipping-taxable","12":"purchasable","13":"product-type-simple"},"_links":{"self":[{"href":"https:\/\/meca-remorque.com\/fr\/wp-json\/wp\/v2\/product\/3236","targetHints":{"allow":["GET"]}}],"collection":[{"href":"https:\/\/meca-remorque.com\/fr\/wp-json\/wp\/v2\/product"}],"about":[{"href":"https:\/\/meca-remorque.com\/fr\/wp-json\/wp\/v2\/types\/product"}],"replies":[{"embeddable":true,"href":"https:\/\/meca-remorque.com\/fr\/wp-json\/wp\/v2\/comments?post=3236"}],"version-history":[{"count":1,"href":"https:\/\/meca-remorque.com\/fr\/wp-json\/wp\/v2\/product\/3236\/revisions"}],"predecessor-version":[{"id":3297,"href":"https:\/\/meca-remorque.com\/fr\/wp-json\/wp\/v2\/product\/3236\/revisions\/3297"}],"wp:featuredmedia":[{"embeddable":true,"href":"https:\/\/meca-remorque.com\/fr\/wp-json\/wp\/v2\/media\/3296"}],"wp:attachment":[{"href":"https:\/\/meca-remorque.com\/fr\/wp-json\/wp\/v2\/media?parent=3236"}],"wp:term":[{"taxonomy":"product_brand","embeddable":true,"href":"https:\/\/meca-remorque.com\/fr\/wp-json\/wp\/v2\/product_brand?post=3236"},{"taxonomy":"product_cat","embeddable":true,"href":"https:\/\/meca-remorque.com\/fr\/wp-json\/wp\/v2\/product_cat?post=3236"},{"taxonomy":"product_tag","embeddable":true,"href":"https:\/\/meca-remorque.com\/fr\/wp-json\/wp\/v2\/product_tag?post=3236"}],"curies":[{"name":"wp","href":"https:\/\/api.w.org\/{rel}","templated":true}]}}