{"id":3300,"date":"2025-12-02T19:48:02","date_gmt":"2025-12-02T18:48:02","guid":{"rendered":"https:\/\/meca-remorque.com\/?post_type=product&#038;p=3300"},"modified":"2025-12-02T19:48:05","modified_gmt":"2025-12-02T18:48:05","slug":"lotus-h370-petite-venstrehengslet","status":"publish","type":"product","link":"https:\/\/meca-remorque.com\/fr\/produit\/lotus-h370-petite-venstrehengslet\/","title":{"rendered":"Lotus H370 Petite \u2013 venstrehengslet"},"content":{"rendered":"<p>Standardramme til peisinnsatsen er ikke inkludert i prisen. Ganske enkelt elegant. Dette er en av markedets mest elegante og stilrene peisinnsats. I tillegg til valg av st\u00f8rrelse p\u00e5 ovnen, er det ogs\u00e5 mulig \u00e5 spesialtilpasse rammen rundt peisinnsatsen, slik at rammen kan dekke f.eks. et st\u00f8rre innebyggingshull. Det rene designet p\u00e5 h\u00e5ndtakene gir peisinnsatsen en vakker finish og en unik opplevelse av flammene, uten problemene fra en \u00e5pen peis.<\/p>","protected":false},"excerpt":{"rendered":"<p>Standardramme til peisinnsatsen er ikke inkludert i prisen. &#8230;les mer<\/p>","protected":false},"featured_media":3332,"comment_status":"open","ping_status":"closed","template":"","meta":[],"product_brand":[],"product_cat":[284,278,279],"product_tag":[],"class_list":{"0":"post-3300","1":"product","2":"type-product","3":"status-publish","4":"has-post-thumbnail","6":"product_cat-innsats-med-glass-pa-1-side","7":"product_cat-peis","8":"product_cat-peisinnsatser","10":"first","11":"instock","12":"shipping-taxable","13":"purchasable","14":"product-type-simple"},"_links":{"self":[{"href":"https:\/\/meca-remorque.com\/fr\/wp-json\/wp\/v2\/product\/3300","targetHints":{"allow":["GET"]}}],"collection":[{"href":"https:\/\/meca-remorque.com\/fr\/wp-json\/wp\/v2\/product"}],"about":[{"href":"https:\/\/meca-remorque.com\/fr\/wp-json\/wp\/v2\/types\/product"}],"replies":[{"embeddable":true,"href":"https:\/\/meca-remorque.com\/fr\/wp-json\/wp\/v2\/comments?post=3300"}],"version-history":[{"count":1,"href":"https:\/\/meca-remorque.com\/fr\/wp-json\/wp\/v2\/product\/3300\/revisions"}],"predecessor-version":[{"id":3333,"href":"https:\/\/meca-remorque.com\/fr\/wp-json\/wp\/v2\/product\/3300\/revisions\/3333"}],"wp:featuredmedia":[{"embeddable":true,"href":"https:\/\/meca-remorque.com\/fr\/wp-json\/wp\/v2\/media\/3332"}],"wp:attachment":[{"href":"https:\/\/meca-remorque.com\/fr\/wp-json\/wp\/v2\/media?parent=3300"}],"wp:term":[{"taxonomy":"product_brand","embeddable":true,"href":"https:\/\/meca-remorque.com\/fr\/wp-json\/wp\/v2\/product_brand?post=3300"},{"taxonomy":"product_cat","embeddable":true,"href":"https:\/\/meca-remorque.com\/fr\/wp-json\/wp\/v2\/product_cat?post=3300"},{"taxonomy":"product_tag","embeddable":true,"href":"https:\/\/meca-remorque.com\/fr\/wp-json\/wp\/v2\/product_tag?post=3300"}],"curies":[{"name":"wp","href":"https:\/\/api.w.org\/{rel}","templated":true}]}}