{"id":3304,"date":"2025-12-02T19:48:02","date_gmt":"2025-12-02T18:48:02","guid":{"rendered":"https:\/\/meca-remorque.com\/?post_type=product&#038;p=3304"},"modified":"2025-12-02T19:48:08","modified_gmt":"2025-12-02T18:48:08","slug":"nordpeis-salzburg-s-m-innsats","status":"publish","type":"product","link":"https:\/\/meca-remorque.com\/fr\/produit\/nordpeis-salzburg-s-m-innsats\/","title":{"rendered":"Nordpeis Salzburg S m\/innsats"},"content":{"rendered":"<p>Salzburg S passer perfekt i hytter uten str\u00f8m. Den kan leveres med grillrist og en ekstra topp som egner seg b\u00e5de til matlaging og \u00e5 holde kaffen varm. Pga sin vekt trenger man ingen ekstra fundament i gulvet. N\u00e5 presenterer vi v\u00e5r hittil minste varmelagrende peis. Nordpeis Salzburg S har tross sin lille st\u00f8rrelse, beholdt de gode varmelagrende egenskapene og avgir en behagelig, jevn varme over tid. Som hele v\u00e5r Salzburg serie, har Salzburg S en kjerne av varmelagerende PowerStone\u0099. Kjernen har kanaler som fanger opp varmen og utnytter veden maksimalt. Som tilbeh\u00f8r til Salzburg S kan du velge et praktisk vedrom p\u00e5 siden eller under peisen.<\/p>","protected":false},"excerpt":{"rendered":"<p>Salzburg S passer perfekt i hytter uten str\u00f8m. Den kan leveres med grillrist og en ekstra topp som egner seg b\u00e5de til matlaging og \u00e5 holde kaffen varm. Pga sin vekt trenger man ingen ekstra fundament i gulvet. &#8230;les mer<\/p>","protected":false},"featured_media":3340,"comment_status":"open","ping_status":"closed","template":"","meta":[],"product_brand":[],"product_cat":[281,345],"product_tag":[],"class_list":{"0":"post-3304","1":"product","2":"type-product","3":"status-publish","4":"has-post-thumbnail","6":"product_cat-ovn","7":"product_cat-varmelagrende-ovn","9":"first","10":"instock","11":"shipping-taxable","12":"purchasable","13":"product-type-simple"},"_links":{"self":[{"href":"https:\/\/meca-remorque.com\/fr\/wp-json\/wp\/v2\/product\/3304","targetHints":{"allow":["GET"]}}],"collection":[{"href":"https:\/\/meca-remorque.com\/fr\/wp-json\/wp\/v2\/product"}],"about":[{"href":"https:\/\/meca-remorque.com\/fr\/wp-json\/wp\/v2\/types\/product"}],"replies":[{"embeddable":true,"href":"https:\/\/meca-remorque.com\/fr\/wp-json\/wp\/v2\/comments?post=3304"}],"version-history":[{"count":1,"href":"https:\/\/meca-remorque.com\/fr\/wp-json\/wp\/v2\/product\/3304\/revisions"}],"predecessor-version":[{"id":3341,"href":"https:\/\/meca-remorque.com\/fr\/wp-json\/wp\/v2\/product\/3304\/revisions\/3341"}],"wp:featuredmedia":[{"embeddable":true,"href":"https:\/\/meca-remorque.com\/fr\/wp-json\/wp\/v2\/media\/3340"}],"wp:attachment":[{"href":"https:\/\/meca-remorque.com\/fr\/wp-json\/wp\/v2\/media?parent=3304"}],"wp:term":[{"taxonomy":"product_brand","embeddable":true,"href":"https:\/\/meca-remorque.com\/fr\/wp-json\/wp\/v2\/product_brand?post=3304"},{"taxonomy":"product_cat","embeddable":true,"href":"https:\/\/meca-remorque.com\/fr\/wp-json\/wp\/v2\/product_cat?post=3304"},{"taxonomy":"product_tag","embeddable":true,"href":"https:\/\/meca-remorque.com\/fr\/wp-json\/wp\/v2\/product_tag?post=3304"}],"curies":[{"name":"wp","href":"https:\/\/api.w.org\/{rel}","templated":true}]}}