{"id":3306,"date":"2025-12-02T19:48:02","date_gmt":"2025-12-02T18:48:02","guid":{"rendered":"https:\/\/meca-remorque.com\/?post_type=product&#038;p=3306"},"modified":"2025-12-03T15:25:45","modified_gmt":"2025-12-03T14:25:45","slug":"exodraft-styring-efc-16","status":"publish","type":"product","link":"https:\/\/meca-remorque.com\/fr\/produit\/exodraft-styring-efc-16\/","title":{"rendered":"Exodraft Styring EFC 16"},"content":{"rendered":"<p>EFC16 er en elektronisk hastighetsregulator for manuell betjening av exodraft r\u00f8yksugere. R\u00f8yksugermotorens hastighet kan reguleres trinnl\u00f8st med EFC16, og r\u00f8yksugerens kapasitet kan dermed varieres fra 25 til 100%.P\u00e5 denne m\u00e5ten kan du stille inn r\u00f8yksugeren til ditt aktuelle behov, enten det gjelder opptenning, tilf\u00f8rsel av brensel eller l\u00f8pende oppvarming.Hastighetsregulatoren har innebygget p\u00e5\/av-knapp, samt intern minimumtrimmer og en LED lysdiode som lyser ved drift.FunksjonEFC16 har en dreiebryter som benyttes for \u00e5 starte og stoppe r\u00f8yksugeren, samt for \u00e5 justere trekket til \u00f8nsket niv\u00e5.Jo lengre bryteren dreies til h\u00f8yre etter at den har passert p\u00e5\/av-punktet, jo langsommere kj\u00f8rer r\u00f8yksugeren.En reparasjonsbryter REP-AFB for EFC16 styringsenheten m\u00e5 monteres p\u00e5 skorsteinen.Merk at EFC16 skal installeres av en autorisert el-installat\u00f8r.<\/p>","protected":false},"excerpt":{"rendered":"<p>EFC16 er en elektronisk hastighetsregulator for manuell betjening av exodraft r\u00f8yksugere. R\u00f8yksugermotorens hastighet kan reguleres trinnl\u00f8st med EFC16, og r\u00f8yksugerens kapasitet kan dermed varieres fra 25 til 100%. &#8230;les mer<\/p>","protected":false},"featured_media":3344,"comment_status":"open","ping_status":"closed","template":"","meta":[],"product_brand":[],"product_cat":[346],"product_tag":[],"class_list":{"0":"post-3306","1":"product","2":"type-product","3":"status-publish","4":"has-post-thumbnail","6":"product_cat-pipe","8":"first","9":"instock","10":"shipping-taxable","11":"purchasable","12":"product-type-simple"},"_links":{"self":[{"href":"https:\/\/meca-remorque.com\/fr\/wp-json\/wp\/v2\/product\/3306","targetHints":{"allow":["GET"]}}],"collection":[{"href":"https:\/\/meca-remorque.com\/fr\/wp-json\/wp\/v2\/product"}],"about":[{"href":"https:\/\/meca-remorque.com\/fr\/wp-json\/wp\/v2\/types\/product"}],"replies":[{"embeddable":true,"href":"https:\/\/meca-remorque.com\/fr\/wp-json\/wp\/v2\/comments?post=3306"}],"version-history":[{"count":1,"href":"https:\/\/meca-remorque.com\/fr\/wp-json\/wp\/v2\/product\/3306\/revisions"}],"predecessor-version":[{"id":3345,"href":"https:\/\/meca-remorque.com\/fr\/wp-json\/wp\/v2\/product\/3306\/revisions\/3345"}],"wp:featuredmedia":[{"embeddable":true,"href":"https:\/\/meca-remorque.com\/fr\/wp-json\/wp\/v2\/media\/3344"}],"wp:attachment":[{"href":"https:\/\/meca-remorque.com\/fr\/wp-json\/wp\/v2\/media?parent=3306"}],"wp:term":[{"taxonomy":"product_brand","embeddable":true,"href":"https:\/\/meca-remorque.com\/fr\/wp-json\/wp\/v2\/product_brand?post=3306"},{"taxonomy":"product_cat","embeddable":true,"href":"https:\/\/meca-remorque.com\/fr\/wp-json\/wp\/v2\/product_cat?post=3306"},{"taxonomy":"product_tag","embeddable":true,"href":"https:\/\/meca-remorque.com\/fr\/wp-json\/wp\/v2\/product_tag?post=3306"}],"curies":[{"name":"wp","href":"https:\/\/api.w.org\/{rel}","templated":true}]}}