{"id":3324,"date":"2025-12-02T19:48:04","date_gmt":"2025-12-02T18:48:04","guid":{"rendered":"https:\/\/meca-remorque.com\/?post_type=product&#038;p=3324"},"modified":"2025-12-02T19:49:23","modified_gmt":"2025-12-02T18:49:23","slug":"varde-aura-11-sort-piedestall","status":"publish","type":"product","link":"https:\/\/meca-remorque.com\/fr\/produit\/varde-aura-11-sort-piedestall\/","title":{"rendered":"VARDE AURA 11 sort piedestall"},"content":{"rendered":"<p>Mange detaljer i flott designP\u00e5 Varde I Aura-serien er b\u00e5de d\u00f8r, topplate, rist, bunn og r\u00f8ykuttak av st\u00f8pejern i h\u00f8y kvalitet. Ovnen har mange oppstillingsmuligheter, da r\u00f8ykr\u00f8ret kan monteres b\u00e5de p\u00e5 toppen eller i bakkant. H\u00e5ndtaket til d\u00f8ren er produsert p\u00e5 en m\u00e5te som gj\u00f8r at det ikke kjennes for varmt ved ber\u00f8ring. Brennkammeret er ergonomisk korrekt utformet s\u00e5 det er lett \u00e5 fyre og rengj\u00f8re. Luftreguleringen styres enkelt. Det sikrer optimal utnyttelse av veden.Varde Aura 11 har et lett og luftig uttrykk p\u00e5 den elegante sokkelen.Tilbeh\u00f8r:Klebersteintopp (\u00e5pen)Toppdeksel i st\u00f8pejern \u00d8 17,5 cm benyttes ved bakuttak<\/p>","protected":false},"excerpt":{"rendered":"<p>Mange detaljer i flott design &#8230;les mer<\/p>","protected":false},"featured_media":3404,"comment_status":"open","ping_status":"closed","template":"","meta":[],"product_brand":[],"product_cat":[281,282],"product_tag":[],"class_list":{"0":"post-3324","1":"product","2":"type-product","3":"status-publish","4":"has-post-thumbnail","6":"product_cat-ovn","7":"product_cat-peisovner-og-vedovner","9":"first","10":"instock","11":"shipping-taxable","12":"purchasable","13":"product-type-simple"},"_links":{"self":[{"href":"https:\/\/meca-remorque.com\/fr\/wp-json\/wp\/v2\/product\/3324","targetHints":{"allow":["GET"]}}],"collection":[{"href":"https:\/\/meca-remorque.com\/fr\/wp-json\/wp\/v2\/product"}],"about":[{"href":"https:\/\/meca-remorque.com\/fr\/wp-json\/wp\/v2\/types\/product"}],"replies":[{"embeddable":true,"href":"https:\/\/meca-remorque.com\/fr\/wp-json\/wp\/v2\/comments?post=3324"}],"version-history":[{"count":1,"href":"https:\/\/meca-remorque.com\/fr\/wp-json\/wp\/v2\/product\/3324\/revisions"}],"predecessor-version":[{"id":3405,"href":"https:\/\/meca-remorque.com\/fr\/wp-json\/wp\/v2\/product\/3324\/revisions\/3405"}],"wp:featuredmedia":[{"embeddable":true,"href":"https:\/\/meca-remorque.com\/fr\/wp-json\/wp\/v2\/media\/3404"}],"wp:attachment":[{"href":"https:\/\/meca-remorque.com\/fr\/wp-json\/wp\/v2\/media?parent=3324"}],"wp:term":[{"taxonomy":"product_brand","embeddable":true,"href":"https:\/\/meca-remorque.com\/fr\/wp-json\/wp\/v2\/product_brand?post=3324"},{"taxonomy":"product_cat","embeddable":true,"href":"https:\/\/meca-remorque.com\/fr\/wp-json\/wp\/v2\/product_cat?post=3324"},{"taxonomy":"product_tag","embeddable":true,"href":"https:\/\/meca-remorque.com\/fr\/wp-json\/wp\/v2\/product_tag?post=3324"}],"curies":[{"name":"wp","href":"https:\/\/api.w.org\/{rel}","templated":true}]}}