{"id":3346,"date":"2025-12-02T19:48:28","date_gmt":"2025-12-02T18:48:28","guid":{"rendered":"https:\/\/meca-remorque.com\/?post_type=product&#038;p=3346"},"modified":"2025-12-02T19:49:25","modified_gmt":"2025-12-02T18:49:25","slug":"nordpeis-me-wood-2","status":"publish","type":"product","link":"https:\/\/meca-remorque.com\/fr\/produit\/nordpeis-me-wood-2\/","title":{"rendered":"Nordpeis Me Wood 2"},"content":{"rendered":"<p>Som et lekkert supplement til for eksempel Me-serien, kommer Wood vedhyller. Hyllene er i solid kvalitet og passer Me-seriens stil og form.Me Wood komplimenterer ditt ildsted og gir et ekstra s\u00e6rpreg p\u00e5 interi\u00f8ret.Vedhyllen er i solid kvalitet.H\u00f8yde: 613 mmBredde: 400 mmDybde: 310 mm<\/p>","protected":false},"excerpt":{"rendered":"<p>Som et lekkert supplement til for eksempel Me-serien, kommer Wood vedhyller. Hyllene er i solid kvalitet og passer Me-seriens stil og form. &#8230;les mer<\/p>","protected":false},"featured_media":3412,"comment_status":"open","ping_status":"closed","template":"","meta":[],"product_brand":[],"product_cat":[348],"product_tag":[],"class_list":{"0":"post-3346","1":"product","2":"type-product","3":"status-publish","4":"has-post-thumbnail","6":"product_cat-tilbehor","8":"first","9":"instock","10":"shipping-taxable","11":"purchasable","12":"product-type-simple"},"_links":{"self":[{"href":"https:\/\/meca-remorque.com\/fr\/wp-json\/wp\/v2\/product\/3346","targetHints":{"allow":["GET"]}}],"collection":[{"href":"https:\/\/meca-remorque.com\/fr\/wp-json\/wp\/v2\/product"}],"about":[{"href":"https:\/\/meca-remorque.com\/fr\/wp-json\/wp\/v2\/types\/product"}],"replies":[{"embeddable":true,"href":"https:\/\/meca-remorque.com\/fr\/wp-json\/wp\/v2\/comments?post=3346"}],"version-history":[{"count":1,"href":"https:\/\/meca-remorque.com\/fr\/wp-json\/wp\/v2\/product\/3346\/revisions"}],"predecessor-version":[{"id":3413,"href":"https:\/\/meca-remorque.com\/fr\/wp-json\/wp\/v2\/product\/3346\/revisions\/3413"}],"wp:featuredmedia":[{"embeddable":true,"href":"https:\/\/meca-remorque.com\/fr\/wp-json\/wp\/v2\/media\/3412"}],"wp:attachment":[{"href":"https:\/\/meca-remorque.com\/fr\/wp-json\/wp\/v2\/media?parent=3346"}],"wp:term":[{"taxonomy":"product_brand","embeddable":true,"href":"https:\/\/meca-remorque.com\/fr\/wp-json\/wp\/v2\/product_brand?post=3346"},{"taxonomy":"product_cat","embeddable":true,"href":"https:\/\/meca-remorque.com\/fr\/wp-json\/wp\/v2\/product_cat?post=3346"},{"taxonomy":"product_tag","embeddable":true,"href":"https:\/\/meca-remorque.com\/fr\/wp-json\/wp\/v2\/product_tag?post=3346"}],"curies":[{"name":"wp","href":"https:\/\/api.w.org\/{rel}","templated":true}]}}