{"id":3390,"date":"2025-12-02T19:49:19","date_gmt":"2025-12-02T18:49:19","guid":{"rendered":"https:\/\/meca-remorque.com\/?post_type=product&#038;p=3390"},"modified":"2025-12-02T19:49:32","modified_gmt":"2025-12-02T18:49:32","slug":"morso-1412-m-ekorn-motiv","status":"publish","type":"product","link":"https:\/\/meca-remorque.com\/fr\/produit\/morso-1412-m-ekorn-motiv\/","title":{"rendered":"Mors\u00f8 1412 m Ekorn motiv"},"content":{"rendered":"<p>Mors\u00f8 1400-serien er en sv\u00e6rt sjarmerende ovn-serie. Den representerer det som var hjertet i mange hjem, det vi kjenner og husker fra barndommen. Forbrenningsteknologien i disse klassiske ovnene har siden den gang blitt videreutviklet og forbedret slik at skadelige partikler og overskuddsgasser forbrennes. Ovnene er ogs\u00e5 utstyrt med en glassd\u00f8r slik at du kan se inn til flammene. Men alt har ikke endret seg, p\u00e5 tross av den nye teknologien er de flotte detaljene p\u00e5 plass, s\u00e5 du finner fortsatt Mors\u00f8&#8217;s karakteriske ekorn p\u00e5 sidene.<\/p>","protected":false},"excerpt":{"rendered":"<p>Mors\u00f8 1400-serien er en sv\u00e6rt sjarmerende ovn-serie. &#8230;les mer<\/p>","protected":false},"featured_media":3440,"comment_status":"open","ping_status":"closed","template":"","meta":[],"product_brand":[],"product_cat":[281,282],"product_tag":[],"class_list":{"0":"post-3390","1":"product","2":"type-product","3":"status-publish","4":"has-post-thumbnail","6":"product_cat-ovn","7":"product_cat-peisovner-og-vedovner","9":"first","10":"instock","11":"shipping-taxable","12":"purchasable","13":"product-type-simple"},"_links":{"self":[{"href":"https:\/\/meca-remorque.com\/fr\/wp-json\/wp\/v2\/product\/3390","targetHints":{"allow":["GET"]}}],"collection":[{"href":"https:\/\/meca-remorque.com\/fr\/wp-json\/wp\/v2\/product"}],"about":[{"href":"https:\/\/meca-remorque.com\/fr\/wp-json\/wp\/v2\/types\/product"}],"replies":[{"embeddable":true,"href":"https:\/\/meca-remorque.com\/fr\/wp-json\/wp\/v2\/comments?post=3390"}],"version-history":[{"count":1,"href":"https:\/\/meca-remorque.com\/fr\/wp-json\/wp\/v2\/product\/3390\/revisions"}],"predecessor-version":[{"id":3441,"href":"https:\/\/meca-remorque.com\/fr\/wp-json\/wp\/v2\/product\/3390\/revisions\/3441"}],"wp:featuredmedia":[{"embeddable":true,"href":"https:\/\/meca-remorque.com\/fr\/wp-json\/wp\/v2\/media\/3440"}],"wp:attachment":[{"href":"https:\/\/meca-remorque.com\/fr\/wp-json\/wp\/v2\/media?parent=3390"}],"wp:term":[{"taxonomy":"product_brand","embeddable":true,"href":"https:\/\/meca-remorque.com\/fr\/wp-json\/wp\/v2\/product_brand?post=3390"},{"taxonomy":"product_cat","embeddable":true,"href":"https:\/\/meca-remorque.com\/fr\/wp-json\/wp\/v2\/product_cat?post=3390"},{"taxonomy":"product_tag","embeddable":true,"href":"https:\/\/meca-remorque.com\/fr\/wp-json\/wp\/v2\/product_tag?post=3390"}],"curies":[{"name":"wp","href":"https:\/\/api.w.org\/{rel}","templated":true}]}}