{"id":3392,"date":"2025-12-02T19:49:19","date_gmt":"2025-12-02T18:49:19","guid":{"rendered":"https:\/\/meca-remorque.com\/?post_type=product&#038;p=3392"},"modified":"2025-12-02T19:49:33","modified_gmt":"2025-12-02T18:49:33","slug":"morso-2b-classic","status":"publish","type":"product","link":"https:\/\/meca-remorque.com\/fr\/produit\/morso-2b-classic\/","title":{"rendered":"Mors\u00f8 2B Classic"},"content":{"rendered":"<p>P\u00e5 begynnelsen av 1930-tallet laget skulpt\u00f8ren Constantin S\u00f8rensen denne imponerende str\u00e5lingsovnen med Mors\u00f8s velkjente dekorasjoner med ekorn og ekel\u00f8v.Da som n\u00e5, er det stor etterspr\u00f8rsel etter 2B Classic, og med den nesten majestetiske framtoningen, er ovnen perfekt for herskapsboliger og storg\u00e5rdsstuer.Ovnen utmerker seg ved at den har et brennkammer som kan ta ekstra lange vedkubber &#8211; helt opp til 45cm.Den er fullstendig oppdatert p\u00e5 forbrenningsteknologien, og den kan leve opp til n\u00e5tidens strenge milj\u00f8krav.<\/p>","protected":false},"excerpt":{"rendered":"<p>P\u00e5 begynnelsen av 1930-tallet laget skulpt\u00f8ren Constantin S\u00f8rensen denne imponerende str\u00e5lingsovnen med Mors\u00f8s velkjente dekorasjoner med ekorn og ekel\u00f8v. &#8230;les mer<\/p>","protected":false},"featured_media":3444,"comment_status":"open","ping_status":"closed","template":"","meta":[],"product_brand":[],"product_cat":[281,282],"product_tag":[],"class_list":{"0":"post-3392","1":"product","2":"type-product","3":"status-publish","4":"has-post-thumbnail","6":"product_cat-ovn","7":"product_cat-peisovner-og-vedovner","9":"first","10":"instock","11":"shipping-taxable","12":"purchasable","13":"product-type-simple"},"_links":{"self":[{"href":"https:\/\/meca-remorque.com\/fr\/wp-json\/wp\/v2\/product\/3392","targetHints":{"allow":["GET"]}}],"collection":[{"href":"https:\/\/meca-remorque.com\/fr\/wp-json\/wp\/v2\/product"}],"about":[{"href":"https:\/\/meca-remorque.com\/fr\/wp-json\/wp\/v2\/types\/product"}],"replies":[{"embeddable":true,"href":"https:\/\/meca-remorque.com\/fr\/wp-json\/wp\/v2\/comments?post=3392"}],"version-history":[{"count":1,"href":"https:\/\/meca-remorque.com\/fr\/wp-json\/wp\/v2\/product\/3392\/revisions"}],"predecessor-version":[{"id":3445,"href":"https:\/\/meca-remorque.com\/fr\/wp-json\/wp\/v2\/product\/3392\/revisions\/3445"}],"wp:featuredmedia":[{"embeddable":true,"href":"https:\/\/meca-remorque.com\/fr\/wp-json\/wp\/v2\/media\/3444"}],"wp:attachment":[{"href":"https:\/\/meca-remorque.com\/fr\/wp-json\/wp\/v2\/media?parent=3392"}],"wp:term":[{"taxonomy":"product_brand","embeddable":true,"href":"https:\/\/meca-remorque.com\/fr\/wp-json\/wp\/v2\/product_brand?post=3392"},{"taxonomy":"product_cat","embeddable":true,"href":"https:\/\/meca-remorque.com\/fr\/wp-json\/wp\/v2\/product_cat?post=3392"},{"taxonomy":"product_tag","embeddable":true,"href":"https:\/\/meca-remorque.com\/fr\/wp-json\/wp\/v2\/product_tag?post=3392"}],"curies":[{"name":"wp","href":"https:\/\/api.w.org\/{rel}","templated":true}]}}