{"id":3393,"date":"2025-12-02T19:49:19","date_gmt":"2025-12-02T18:49:19","guid":{"rendered":"https:\/\/meca-remorque.com\/?post_type=product&#038;p=3393"},"modified":"2025-12-02T19:49:33","modified_gmt":"2025-12-02T18:49:33","slug":"morso-2b-standard-strale","status":"publish","type":"product","link":"https:\/\/meca-remorque.com\/fr\/produit\/morso-2b-standard-strale\/","title":{"rendered":"Mors\u00f8 2B Standard, str\u00e5le"},"content":{"rendered":"<p>Mors\u00f8 2B Standard er en nylansering av den klassiske st\u00f8pejernsstandarden 2B fra 1930-tallet.Modellen, som ble kalt &#8220;Skogsovnen&#8221;, er nesten identisk med den opprinnelige versjonen, med sin avlange form, romslige forbrenningskammer og vakre dekorasjoner. Det nye designinnslaget omfatter en glassd\u00f8r, som sprer ildens magiske sprakling ut i rommet. Og selvsagt har den tekniske siden ved skogsovnen blitt oppdatert med den nyeste forbrenningsteknologien, akkurat som i alle Mors\u00f8-ovner.Ovnen finnes i str\u00e5lingsversjon og i konveksjon.<\/p>","protected":false},"excerpt":{"rendered":"<p>Mors\u00f8 2B Standard er en nylansering av den klassiske st\u00f8pejernsstandarden 2B fra 1930-tallet. &#8230;les mer<\/p>","protected":false},"featured_media":3446,"comment_status":"open","ping_status":"closed","template":"","meta":[],"product_brand":[],"product_cat":[281,282],"product_tag":[],"class_list":{"0":"post-3393","1":"product","2":"type-product","3":"status-publish","4":"has-post-thumbnail","6":"product_cat-ovn","7":"product_cat-peisovner-og-vedovner","9":"first","10":"instock","11":"shipping-taxable","12":"purchasable","13":"product-type-simple"},"_links":{"self":[{"href":"https:\/\/meca-remorque.com\/fr\/wp-json\/wp\/v2\/product\/3393","targetHints":{"allow":["GET"]}}],"collection":[{"href":"https:\/\/meca-remorque.com\/fr\/wp-json\/wp\/v2\/product"}],"about":[{"href":"https:\/\/meca-remorque.com\/fr\/wp-json\/wp\/v2\/types\/product"}],"replies":[{"embeddable":true,"href":"https:\/\/meca-remorque.com\/fr\/wp-json\/wp\/v2\/comments?post=3393"}],"version-history":[{"count":1,"href":"https:\/\/meca-remorque.com\/fr\/wp-json\/wp\/v2\/product\/3393\/revisions"}],"predecessor-version":[{"id":3447,"href":"https:\/\/meca-remorque.com\/fr\/wp-json\/wp\/v2\/product\/3393\/revisions\/3447"}],"wp:featuredmedia":[{"embeddable":true,"href":"https:\/\/meca-remorque.com\/fr\/wp-json\/wp\/v2\/media\/3446"}],"wp:attachment":[{"href":"https:\/\/meca-remorque.com\/fr\/wp-json\/wp\/v2\/media?parent=3393"}],"wp:term":[{"taxonomy":"product_brand","embeddable":true,"href":"https:\/\/meca-remorque.com\/fr\/wp-json\/wp\/v2\/product_brand?post=3393"},{"taxonomy":"product_cat","embeddable":true,"href":"https:\/\/meca-remorque.com\/fr\/wp-json\/wp\/v2\/product_cat?post=3393"},{"taxonomy":"product_tag","embeddable":true,"href":"https:\/\/meca-remorque.com\/fr\/wp-json\/wp\/v2\/product_tag?post=3393"}],"curies":[{"name":"wp","href":"https:\/\/api.w.org\/{rel}","templated":true}]}}