{"id":3394,"date":"2025-12-02T19:49:19","date_gmt":"2025-12-02T18:49:19","guid":{"rendered":"https:\/\/meca-remorque.com\/?post_type=product&#038;p=3394"},"modified":"2025-12-02T19:49:34","modified_gmt":"2025-12-02T18:49:34","slug":"morso-3116","status":"publish","type":"product","link":"https:\/\/meca-remorque.com\/fr\/produit\/morso-3116\/","title":{"rendered":"Mors\u00f8 3116"},"content":{"rendered":"<p>Mors\u00f8 3116 er det nyeste medlemmet av Mors\u00f8 3100-serien.Den har gjennomg\u00e5tt en designmessig facelift og f\u00e5tt et mere stramt uttryk og vesentlig mere glass til det deilige varme flammebildet.Mors\u00f8 3116, som er utf\u00f8rt helt i st\u00f8pejern, er montert med sideplater med fine nesten n\u00e5lestripete ribber. Ovnen fremst\u00e5r med sitt nye uttryk elegant og tidl\u00f8s.<\/p>","protected":false},"excerpt":{"rendered":"<p>Mors\u00f8 3116 er det nyeste medlemmet av Mors\u00f8 3100-serien. &#8230;les mer<\/p>","protected":false},"featured_media":3448,"comment_status":"open","ping_status":"closed","template":"","meta":[],"product_brand":[],"product_cat":[281,282],"product_tag":[],"class_list":{"0":"post-3394","1":"product","2":"type-product","3":"status-publish","4":"has-post-thumbnail","6":"product_cat-ovn","7":"product_cat-peisovner-og-vedovner","9":"first","10":"instock","11":"shipping-taxable","12":"purchasable","13":"product-type-simple"},"_links":{"self":[{"href":"https:\/\/meca-remorque.com\/fr\/wp-json\/wp\/v2\/product\/3394","targetHints":{"allow":["GET"]}}],"collection":[{"href":"https:\/\/meca-remorque.com\/fr\/wp-json\/wp\/v2\/product"}],"about":[{"href":"https:\/\/meca-remorque.com\/fr\/wp-json\/wp\/v2\/types\/product"}],"replies":[{"embeddable":true,"href":"https:\/\/meca-remorque.com\/fr\/wp-json\/wp\/v2\/comments?post=3394"}],"version-history":[{"count":1,"href":"https:\/\/meca-remorque.com\/fr\/wp-json\/wp\/v2\/product\/3394\/revisions"}],"predecessor-version":[{"id":3449,"href":"https:\/\/meca-remorque.com\/fr\/wp-json\/wp\/v2\/product\/3394\/revisions\/3449"}],"wp:featuredmedia":[{"embeddable":true,"href":"https:\/\/meca-remorque.com\/fr\/wp-json\/wp\/v2\/media\/3448"}],"wp:attachment":[{"href":"https:\/\/meca-remorque.com\/fr\/wp-json\/wp\/v2\/media?parent=3394"}],"wp:term":[{"taxonomy":"product_brand","embeddable":true,"href":"https:\/\/meca-remorque.com\/fr\/wp-json\/wp\/v2\/product_brand?post=3394"},{"taxonomy":"product_cat","embeddable":true,"href":"https:\/\/meca-remorque.com\/fr\/wp-json\/wp\/v2\/product_cat?post=3394"},{"taxonomy":"product_tag","embeddable":true,"href":"https:\/\/meca-remorque.com\/fr\/wp-json\/wp\/v2\/product_tag?post=3394"}],"curies":[{"name":"wp","href":"https:\/\/api.w.org\/{rel}","templated":true}]}}