{"id":3465,"date":"2025-12-02T19:49:38","date_gmt":"2025-12-02T18:49:38","guid":{"rendered":"https:\/\/meca-remorque.com\/?post_type=product&#038;p=3465"},"modified":"2025-12-02T19:49:43","modified_gmt":"2025-12-02T18:49:43","slug":"varde-nice-air-sort-med-sideglass-pa-pidestall","status":"publish","type":"product","link":"https:\/\/meca-remorque.com\/fr\/produit\/varde-nice-air-sort-med-sideglass-pa-pidestall\/","title":{"rendered":"VARDE NICE AIR sort med sideglass, p\u00e5 pidestall"},"content":{"rendered":"<p>Med denne vedovnen p\u00e5 pidestall f\u00e5r du optimal flammeopplevelse, bedre forbrenning og godt inneklima. Buede side- og frontglass. Varde Nice-vedovnen imponerer med sitt elegante utseende og sine avrundede former der den svever p\u00e5 en pidestall. De buede side- og frontglassene gir 180-graders flammeopplevelser som sprer b\u00e5de hygge og god varme i rommet. Ergonomisk og milj\u00f8riktig vedovn. Den h\u00f8ye vedovnen med det store brennkammeret er en fryd rent ergonomisk. Luftreguleringen er plassert p\u00e5 toppen av ovnen, og er derfor lett \u00e5 betjene. D\u00f8rh\u00e5ndtaket blir ikke for varmt under bruk, slik at man unng\u00e5r \u00e5 brenne seg p\u00e5 hendene. Topplaten, d\u00f8ren, bunnen, risten og r\u00f8ykstussen er laget av st\u00f8pejern. Den solide h\u00e5ndverksmessige kvaliteten sikrer vedovnen lang levetid. Vedovnen har r\u00f8rutgang p\u00e5 toppen, men et toppdeksel i st\u00f8pejern er tilgjengelig som ekstrautstyr, slik at r\u00f8rutgangen p\u00e5 baksiden kan brukes. Perfekt til oppvarmning av 45-120 m2.<\/p>","protected":false},"excerpt":{"rendered":"<p>Med denne vedovnen p\u00e5 pidestall f\u00e5r du optimal flammeopplevelse, bedre forbrenning og godt inneklima. &#8230;les mer<\/p>","protected":false},"featured_media":3500,"comment_status":"open","ping_status":"closed","template":"","meta":[],"product_brand":[],"product_cat":[281,282],"product_tag":[],"class_list":{"0":"post-3465","1":"product","2":"type-product","3":"status-publish","4":"has-post-thumbnail","6":"product_cat-ovn","7":"product_cat-peisovner-og-vedovner","9":"first","10":"instock","11":"shipping-taxable","12":"purchasable","13":"product-type-simple"},"_links":{"self":[{"href":"https:\/\/meca-remorque.com\/fr\/wp-json\/wp\/v2\/product\/3465","targetHints":{"allow":["GET"]}}],"collection":[{"href":"https:\/\/meca-remorque.com\/fr\/wp-json\/wp\/v2\/product"}],"about":[{"href":"https:\/\/meca-remorque.com\/fr\/wp-json\/wp\/v2\/types\/product"}],"replies":[{"embeddable":true,"href":"https:\/\/meca-remorque.com\/fr\/wp-json\/wp\/v2\/comments?post=3465"}],"version-history":[{"count":1,"href":"https:\/\/meca-remorque.com\/fr\/wp-json\/wp\/v2\/product\/3465\/revisions"}],"predecessor-version":[{"id":3501,"href":"https:\/\/meca-remorque.com\/fr\/wp-json\/wp\/v2\/product\/3465\/revisions\/3501"}],"wp:featuredmedia":[{"embeddable":true,"href":"https:\/\/meca-remorque.com\/fr\/wp-json\/wp\/v2\/media\/3500"}],"wp:attachment":[{"href":"https:\/\/meca-remorque.com\/fr\/wp-json\/wp\/v2\/media?parent=3465"}],"wp:term":[{"taxonomy":"product_brand","embeddable":true,"href":"https:\/\/meca-remorque.com\/fr\/wp-json\/wp\/v2\/product_brand?post=3465"},{"taxonomy":"product_cat","embeddable":true,"href":"https:\/\/meca-remorque.com\/fr\/wp-json\/wp\/v2\/product_cat?post=3465"},{"taxonomy":"product_tag","embeddable":true,"href":"https:\/\/meca-remorque.com\/fr\/wp-json\/wp\/v2\/product_tag?post=3465"}],"curies":[{"name":"wp","href":"https:\/\/api.w.org\/{rel}","templated":true}]}}