{"id":3467,"date":"2025-12-02T19:49:39","date_gmt":"2025-12-02T18:49:39","guid":{"rendered":"https:\/\/meca-remorque.com\/?post_type=product&#038;p=3467"},"modified":"2025-12-02T19:49:45","modified_gmt":"2025-12-02T18:49:45","slug":"morso-innsats-5660","status":"publish","type":"product","link":"https:\/\/meca-remorque.com\/fr\/produit\/morso-innsats-5660\/","title":{"rendered":"Mors\u00f8 innsats 5660"},"content":{"rendered":"","protected":false},"excerpt":{"rendered":"<p>Mors\u00f8 5660 er en avansert peisinnsats, som til fulle lever opp til h\u00e5ndverkstradisjonene til Mors\u00f8. Utformingen er moderne og stilfull, mens st\u00f8pejernets r\u00e5 og levende struktur gir innsatsen et snev av rustikk. Den innovative innsatsen har et avansert forbrenningssystem som forsynes med terti\u00e6rluft, som gj\u00f8r at ovnen oppfyller de strengeste moderne kravene til milj\u00f8bevisst oppvarming. Peisen har et ekstra stort forbrenningskammer p\u00e5 58 cm.<\/p>","protected":false},"featured_media":3504,"comment_status":"open","ping_status":"closed","template":"","meta":[],"product_brand":[],"product_cat":[284,278,279],"product_tag":[],"class_list":{"0":"post-3467","1":"product","2":"type-product","3":"status-publish","4":"has-post-thumbnail","6":"product_cat-innsats-med-glass-pa-1-side","7":"product_cat-peis","8":"product_cat-peisinnsatser","10":"first","11":"instock","12":"shipping-taxable","13":"purchasable","14":"product-type-simple"},"_links":{"self":[{"href":"https:\/\/meca-remorque.com\/fr\/wp-json\/wp\/v2\/product\/3467","targetHints":{"allow":["GET"]}}],"collection":[{"href":"https:\/\/meca-remorque.com\/fr\/wp-json\/wp\/v2\/product"}],"about":[{"href":"https:\/\/meca-remorque.com\/fr\/wp-json\/wp\/v2\/types\/product"}],"replies":[{"embeddable":true,"href":"https:\/\/meca-remorque.com\/fr\/wp-json\/wp\/v2\/comments?post=3467"}],"version-history":[{"count":1,"href":"https:\/\/meca-remorque.com\/fr\/wp-json\/wp\/v2\/product\/3467\/revisions"}],"predecessor-version":[{"id":3505,"href":"https:\/\/meca-remorque.com\/fr\/wp-json\/wp\/v2\/product\/3467\/revisions\/3505"}],"wp:featuredmedia":[{"embeddable":true,"href":"https:\/\/meca-remorque.com\/fr\/wp-json\/wp\/v2\/media\/3504"}],"wp:attachment":[{"href":"https:\/\/meca-remorque.com\/fr\/wp-json\/wp\/v2\/media?parent=3467"}],"wp:term":[{"taxonomy":"product_brand","embeddable":true,"href":"https:\/\/meca-remorque.com\/fr\/wp-json\/wp\/v2\/product_brand?post=3467"},{"taxonomy":"product_cat","embeddable":true,"href":"https:\/\/meca-remorque.com\/fr\/wp-json\/wp\/v2\/product_cat?post=3467"},{"taxonomy":"product_tag","embeddable":true,"href":"https:\/\/meca-remorque.com\/fr\/wp-json\/wp\/v2\/product_tag?post=3467"}],"curies":[{"name":"wp","href":"https:\/\/api.w.org\/{rel}","templated":true}]}}