{"id":3471,"date":"2025-12-02T19:49:39","date_gmt":"2025-12-02T18:49:39","guid":{"rendered":"https:\/\/meca-remorque.com\/?post_type=product&#038;p=3471"},"modified":"2025-12-02T19:49:47","modified_gmt":"2025-12-02T18:49:47","slug":"morso-6848-pidestall","status":"publish","type":"product","link":"https:\/\/meca-remorque.com\/fr\/produit\/morso-6848-pidestall\/","title":{"rendered":"Mors\u00f8 6848 Pidestall"},"content":{"rendered":"","protected":false},"excerpt":{"rendered":"<p>Mors\u00f8 6800 er Mors\u00f8&#8217;s godt likte ellipse st\u00f8pejernsovn med en elegant avrundet topp som forsterker dens organsike form. Det vakre rustikke st\u00f8pejernet passer til og forskj\u00f8nner ethvert hjem. Dypt i hjertet av ovnen kan man se det ber\u00f8mte ekornet, det bringer glede og varme med hjelp av flammene. D\u00f8rh\u00e5ndtaket forblir kaldt under bruk og dekker en elegant l\u00f8sning med en selvlukkende d\u00f8r.<\/p>","protected":false},"featured_media":3512,"comment_status":"open","ping_status":"closed","template":"","meta":[],"product_brand":[],"product_cat":[281,282],"product_tag":[],"class_list":{"0":"post-3471","1":"product","2":"type-product","3":"status-publish","4":"has-post-thumbnail","6":"product_cat-ovn","7":"product_cat-peisovner-og-vedovner","9":"first","10":"instock","11":"shipping-taxable","12":"purchasable","13":"product-type-simple"},"_links":{"self":[{"href":"https:\/\/meca-remorque.com\/fr\/wp-json\/wp\/v2\/product\/3471","targetHints":{"allow":["GET"]}}],"collection":[{"href":"https:\/\/meca-remorque.com\/fr\/wp-json\/wp\/v2\/product"}],"about":[{"href":"https:\/\/meca-remorque.com\/fr\/wp-json\/wp\/v2\/types\/product"}],"replies":[{"embeddable":true,"href":"https:\/\/meca-remorque.com\/fr\/wp-json\/wp\/v2\/comments?post=3471"}],"version-history":[{"count":1,"href":"https:\/\/meca-remorque.com\/fr\/wp-json\/wp\/v2\/product\/3471\/revisions"}],"predecessor-version":[{"id":3513,"href":"https:\/\/meca-remorque.com\/fr\/wp-json\/wp\/v2\/product\/3471\/revisions\/3513"}],"wp:featuredmedia":[{"embeddable":true,"href":"https:\/\/meca-remorque.com\/fr\/wp-json\/wp\/v2\/media\/3512"}],"wp:attachment":[{"href":"https:\/\/meca-remorque.com\/fr\/wp-json\/wp\/v2\/media?parent=3471"}],"wp:term":[{"taxonomy":"product_brand","embeddable":true,"href":"https:\/\/meca-remorque.com\/fr\/wp-json\/wp\/v2\/product_brand?post=3471"},{"taxonomy":"product_cat","embeddable":true,"href":"https:\/\/meca-remorque.com\/fr\/wp-json\/wp\/v2\/product_cat?post=3471"},{"taxonomy":"product_tag","embeddable":true,"href":"https:\/\/meca-remorque.com\/fr\/wp-json\/wp\/v2\/product_tag?post=3471"}],"curies":[{"name":"wp","href":"https:\/\/api.w.org\/{rel}","templated":true}]}}