{"id":3472,"date":"2025-12-02T19:49:39","date_gmt":"2025-12-02T18:49:39","guid":{"rendered":"https:\/\/meca-remorque.com\/?post_type=product&#038;p=3472"},"modified":"2025-12-02T19:49:47","modified_gmt":"2025-12-02T18:49:47","slug":"morso-7343-apen-sokkel","status":"publish","type":"product","link":"https:\/\/meca-remorque.com\/fr\/produit\/morso-7343-apen-sokkel\/","title":{"rendered":"Mors\u00f8 7343 \u00c5pen sokkel"},"content":{"rendered":"","protected":false},"excerpt":{"rendered":"<p>Mors\u00f8 7300 gir boligeieren stor designfrihet til \u00e5 innpasse brennovnen direkte til rommets stil. Skal brennstabelen skape stemning, s\u00e5 velg en modell med brennmagasin som lar det lyse trem\u00f8nster markant fram i rommet. Kaller stilen i stedet p\u00e5 diskret sjarm, s\u00e5 velg modell med skuff som elegant glir sammen med ovnens svarte look.<\/p>","protected":false},"featured_media":3514,"comment_status":"open","ping_status":"closed","template":"","meta":[],"product_brand":[],"product_cat":[281,282],"product_tag":[],"class_list":{"0":"post-3472","1":"product","2":"type-product","3":"status-publish","4":"has-post-thumbnail","6":"product_cat-ovn","7":"product_cat-peisovner-og-vedovner","9":"first","10":"instock","11":"shipping-taxable","12":"purchasable","13":"product-type-simple"},"_links":{"self":[{"href":"https:\/\/meca-remorque.com\/fr\/wp-json\/wp\/v2\/product\/3472","targetHints":{"allow":["GET"]}}],"collection":[{"href":"https:\/\/meca-remorque.com\/fr\/wp-json\/wp\/v2\/product"}],"about":[{"href":"https:\/\/meca-remorque.com\/fr\/wp-json\/wp\/v2\/types\/product"}],"replies":[{"embeddable":true,"href":"https:\/\/meca-remorque.com\/fr\/wp-json\/wp\/v2\/comments?post=3472"}],"version-history":[{"count":1,"href":"https:\/\/meca-remorque.com\/fr\/wp-json\/wp\/v2\/product\/3472\/revisions"}],"predecessor-version":[{"id":3515,"href":"https:\/\/meca-remorque.com\/fr\/wp-json\/wp\/v2\/product\/3472\/revisions\/3515"}],"wp:featuredmedia":[{"embeddable":true,"href":"https:\/\/meca-remorque.com\/fr\/wp-json\/wp\/v2\/media\/3514"}],"wp:attachment":[{"href":"https:\/\/meca-remorque.com\/fr\/wp-json\/wp\/v2\/media?parent=3472"}],"wp:term":[{"taxonomy":"product_brand","embeddable":true,"href":"https:\/\/meca-remorque.com\/fr\/wp-json\/wp\/v2\/product_brand?post=3472"},{"taxonomy":"product_cat","embeddable":true,"href":"https:\/\/meca-remorque.com\/fr\/wp-json\/wp\/v2\/product_cat?post=3472"},{"taxonomy":"product_tag","embeddable":true,"href":"https:\/\/meca-remorque.com\/fr\/wp-json\/wp\/v2\/product_tag?post=3472"}],"curies":[{"name":"wp","href":"https:\/\/api.w.org\/{rel}","templated":true}]}}