{"id":3474,"date":"2025-12-02T19:49:39","date_gmt":"2025-12-02T18:49:39","guid":{"rendered":"https:\/\/meca-remorque.com\/?post_type=product&#038;p=3474"},"modified":"2025-12-02T19:49:48","modified_gmt":"2025-12-02T18:49:48","slug":"morso-7449-pidestall-470-mm","status":"publish","type":"product","link":"https:\/\/meca-remorque.com\/fr\/produit\/morso-7449-pidestall-470-mm\/","title":{"rendered":"Mors\u00f8 7449 Pidestall (470 mm)"},"content":{"rendered":"","protected":false},"excerpt":{"rendered":"<p>Mors\u00f8 7400 kombinerer den moderne vedovnens beste egenskaper og gir brukeren en rekke nye fordeler. Samtidig markerer ovnen Mors\u00f8&#8217;s 160 \u00e5rs jubileum og presenterer for f\u00f8rste gang Mors\u00f8&#8217;s legendariske ekornmortiv i ny design. Det &#8220;nye&#8221; ekornet pryder vedovnens matte side, og sender med sitt imponerende utseende hilsen tilbake til virksomhetens 160 \u00e5rs lange historie som produsent av kvalitetsovner i st\u00f8pejern.<\/p>","protected":false},"featured_media":3518,"comment_status":"open","ping_status":"closed","template":"","meta":[],"product_brand":[],"product_cat":[281,282],"product_tag":[],"class_list":{"0":"post-3474","1":"product","2":"type-product","3":"status-publish","4":"has-post-thumbnail","6":"product_cat-ovn","7":"product_cat-peisovner-og-vedovner","9":"first","10":"instock","11":"shipping-taxable","12":"purchasable","13":"product-type-simple"},"_links":{"self":[{"href":"https:\/\/meca-remorque.com\/fr\/wp-json\/wp\/v2\/product\/3474","targetHints":{"allow":["GET"]}}],"collection":[{"href":"https:\/\/meca-remorque.com\/fr\/wp-json\/wp\/v2\/product"}],"about":[{"href":"https:\/\/meca-remorque.com\/fr\/wp-json\/wp\/v2\/types\/product"}],"replies":[{"embeddable":true,"href":"https:\/\/meca-remorque.com\/fr\/wp-json\/wp\/v2\/comments?post=3474"}],"version-history":[{"count":1,"href":"https:\/\/meca-remorque.com\/fr\/wp-json\/wp\/v2\/product\/3474\/revisions"}],"predecessor-version":[{"id":3519,"href":"https:\/\/meca-remorque.com\/fr\/wp-json\/wp\/v2\/product\/3474\/revisions\/3519"}],"wp:featuredmedia":[{"embeddable":true,"href":"https:\/\/meca-remorque.com\/fr\/wp-json\/wp\/v2\/media\/3518"}],"wp:attachment":[{"href":"https:\/\/meca-remorque.com\/fr\/wp-json\/wp\/v2\/media?parent=3474"}],"wp:term":[{"taxonomy":"product_brand","embeddable":true,"href":"https:\/\/meca-remorque.com\/fr\/wp-json\/wp\/v2\/product_brand?post=3474"},{"taxonomy":"product_cat","embeddable":true,"href":"https:\/\/meca-remorque.com\/fr\/wp-json\/wp\/v2\/product_cat?post=3474"},{"taxonomy":"product_tag","embeddable":true,"href":"https:\/\/meca-remorque.com\/fr\/wp-json\/wp\/v2\/product_tag?post=3474"}],"curies":[{"name":"wp","href":"https:\/\/api.w.org\/{rel}","templated":true}]}}