{"id":3482,"date":"2025-12-02T19:49:39","date_gmt":"2025-12-02T18:49:39","guid":{"rendered":"https:\/\/meca-remorque.com\/?post_type=product&#038;p=3482"},"modified":"2025-12-02T19:49:52","modified_gmt":"2025-12-02T18:49:52","slug":"nordpeis-cannes-ii-shapestone-med-innsats-n-21u-exclusive-sort","status":"publish","type":"product","link":"https:\/\/meca-remorque.com\/fr\/produit\/nordpeis-cannes-ii-shapestone-med-innsats-n-21u-exclusive-sort\/","title":{"rendered":"Nordpeis Cannes II Shapestone med innsats N-21U exclusive sort"},"content":{"rendered":"<p>Nordpeis Cannes er en moderne og stilren peis. Den stramme innrammingen gj\u00f8r den til et elegant blikkfang i rommet. Peisen har innsyn til flammene fra tre sider som gir et flott flammebilde. Cannes leveres i umalt betong, men overflaten kan males i den fargen som passer inn med det \u00f8vrige interi\u00f8ret i rommet. Du kan f\u00e5 LED lys i underkant av peisen som tilbeh\u00f8r, de f\u00e5r peisen til \u00e5 tre frem i rommet. &#8211; Max IR teknologi gir lett og optimal fyring samt renere glass- Doble glass p\u00e5 N-2I Exclusive innsatser gir ekstra god forbrenning, selv p\u00e5 lav effekt- Rentbrennende- Skjulte ventiler i sokkelen for et rent uttrykk- Integrert brannmur gj\u00f8r monteringen enklere og peisen kan plasseres helt inntil vegg av brennbart materiale<\/p>","protected":false},"excerpt":{"rendered":"<p>Nordpeis Cannes er en moderne og stilren peis. Den stramme innrammingen gj\u00f8r den til et elegant blikkfang i rommet. Peisen har innsyn til flammene fra tre sider som gir et flott flammebilde. Cannes leveres i umalt betong, men overflaten kan males i den fargen som passer inn med det \u00f8vrige interi\u00f8ret i rommet. Du kan f\u00e5 LED lys i underkant av peisen som tilbeh\u00f8r, de f\u00e5r peisen til \u00e5 tre frem i rommet. &#8230;les mer<\/p>","protected":false},"featured_media":3534,"comment_status":"open","ping_status":"closed","template":"","meta":[],"product_brand":[],"product_cat":[278],"product_tag":[],"class_list":{"0":"post-3482","1":"product","2":"type-product","3":"status-publish","4":"has-post-thumbnail","6":"product_cat-peis","8":"first","9":"instock","10":"shipping-taxable","11":"purchasable","12":"product-type-simple"},"_links":{"self":[{"href":"https:\/\/meca-remorque.com\/fr\/wp-json\/wp\/v2\/product\/3482","targetHints":{"allow":["GET"]}}],"collection":[{"href":"https:\/\/meca-remorque.com\/fr\/wp-json\/wp\/v2\/product"}],"about":[{"href":"https:\/\/meca-remorque.com\/fr\/wp-json\/wp\/v2\/types\/product"}],"replies":[{"embeddable":true,"href":"https:\/\/meca-remorque.com\/fr\/wp-json\/wp\/v2\/comments?post=3482"}],"version-history":[{"count":1,"href":"https:\/\/meca-remorque.com\/fr\/wp-json\/wp\/v2\/product\/3482\/revisions"}],"predecessor-version":[{"id":3535,"href":"https:\/\/meca-remorque.com\/fr\/wp-json\/wp\/v2\/product\/3482\/revisions\/3535"}],"wp:featuredmedia":[{"embeddable":true,"href":"https:\/\/meca-remorque.com\/fr\/wp-json\/wp\/v2\/media\/3534"}],"wp:attachment":[{"href":"https:\/\/meca-remorque.com\/fr\/wp-json\/wp\/v2\/media?parent=3482"}],"wp:term":[{"taxonomy":"product_brand","embeddable":true,"href":"https:\/\/meca-remorque.com\/fr\/wp-json\/wp\/v2\/product_brand?post=3482"},{"taxonomy":"product_cat","embeddable":true,"href":"https:\/\/meca-remorque.com\/fr\/wp-json\/wp\/v2\/product_cat?post=3482"},{"taxonomy":"product_tag","embeddable":true,"href":"https:\/\/meca-remorque.com\/fr\/wp-json\/wp\/v2\/product_tag?post=3482"}],"curies":[{"name":"wp","href":"https:\/\/api.w.org\/{rel}","templated":true}]}}