{"id":3487,"date":"2025-12-02T19:49:40","date_gmt":"2025-12-02T18:49:40","guid":{"rendered":"https:\/\/meca-remorque.com\/?post_type=product&#038;p=3487"},"modified":"2025-12-02T19:49:54","modified_gmt":"2025-12-02T18:49:54","slug":"westfire-uniq-36-sort-lukket-friskluft","status":"publish","type":"product","link":"https:\/\/meca-remorque.com\/fr\/produit\/westfire-uniq-36-sort-lukket-friskluft\/","title":{"rendered":"Westfire UniQ 36 sort &#8211; lukket friskluft"},"content":{"rendered":"<p>Stilren konveksjonsovn med stort glass og god varmeeffekt. Ovnen er klar for \u00e5 koble til friskluft , slik at man f\u00e5r en lukket luftkrets. Uniq 36 fra Westfire er en ovn med stor glassflate i d\u00f8ren. Ovnen kombinerer alt du ser etter i en peisovn, h\u00f8y effektivitet, enkel betjening og flott utseende og stort brennkammer.<\/p>","protected":false},"excerpt":{"rendered":"<p>Stilren konveksjonsovn med stort glass og god varmeeffekt. &#8230;les mer<\/p>","protected":false},"featured_media":3544,"comment_status":"open","ping_status":"closed","template":"","meta":[],"product_brand":[],"product_cat":[281,282],"product_tag":[],"class_list":{"0":"post-3487","1":"product","2":"type-product","3":"status-publish","4":"has-post-thumbnail","6":"product_cat-ovn","7":"product_cat-peisovner-og-vedovner","9":"first","10":"instock","11":"shipping-taxable","12":"purchasable","13":"product-type-simple"},"_links":{"self":[{"href":"https:\/\/meca-remorque.com\/fr\/wp-json\/wp\/v2\/product\/3487","targetHints":{"allow":["GET"]}}],"collection":[{"href":"https:\/\/meca-remorque.com\/fr\/wp-json\/wp\/v2\/product"}],"about":[{"href":"https:\/\/meca-remorque.com\/fr\/wp-json\/wp\/v2\/types\/product"}],"replies":[{"embeddable":true,"href":"https:\/\/meca-remorque.com\/fr\/wp-json\/wp\/v2\/comments?post=3487"}],"version-history":[{"count":1,"href":"https:\/\/meca-remorque.com\/fr\/wp-json\/wp\/v2\/product\/3487\/revisions"}],"predecessor-version":[{"id":3545,"href":"https:\/\/meca-remorque.com\/fr\/wp-json\/wp\/v2\/product\/3487\/revisions\/3545"}],"wp:featuredmedia":[{"embeddable":true,"href":"https:\/\/meca-remorque.com\/fr\/wp-json\/wp\/v2\/media\/3544"}],"wp:attachment":[{"href":"https:\/\/meca-remorque.com\/fr\/wp-json\/wp\/v2\/media?parent=3487"}],"wp:term":[{"taxonomy":"product_brand","embeddable":true,"href":"https:\/\/meca-remorque.com\/fr\/wp-json\/wp\/v2\/product_brand?post=3487"},{"taxonomy":"product_cat","embeddable":true,"href":"https:\/\/meca-remorque.com\/fr\/wp-json\/wp\/v2\/product_cat?post=3487"},{"taxonomy":"product_tag","embeddable":true,"href":"https:\/\/meca-remorque.com\/fr\/wp-json\/wp\/v2\/product_tag?post=3487"}],"curies":[{"name":"wp","href":"https:\/\/api.w.org\/{rel}","templated":true}]}}