{"id":3550,"date":"2025-12-02T19:50:00","date_gmt":"2025-12-02T18:50:00","guid":{"rendered":"https:\/\/meca-remorque.com\/?post_type=product&#038;p=3550"},"modified":"2025-12-02T19:50:02","modified_gmt":"2025-12-02T18:50:02","slug":"westfire-uniq-45-sort","status":"publish","type":"product","link":"https:\/\/meca-remorque.com\/fr\/produit\/westfire-uniq-45-sort\/","title":{"rendered":"Westfire Uniq 45 Sort"},"content":{"rendered":"<p>Uniq 45 fra Westfire er en ovn med stor d\u00f8r og heldekkende glass som gir unikt innsyn til peisb\u00e5let.Ovnen kombinerer alt du ser etter i en peisovn, h\u00f8y effektivitet, enkel betjening, flott utseende og stort brennkammer. Forvarmet sekund\u00e6rluft spyler innsiden av glasset og s\u00f8rger for at det holder seg rent.\u00a0Uniq 45 har plass til vedkubber inntil 30 cm.<\/p>","protected":false},"excerpt":{"rendered":"<p>Uniq 45 fra Westfire er en ovn med stor d\u00f8r og heldekkende glass som gir unikt innsyn til peisb\u00e5let. &#8230;les mer<\/p>","protected":false},"featured_media":3580,"comment_status":"open","ping_status":"closed","template":"","meta":[],"product_brand":[],"product_cat":[281,282],"product_tag":[],"class_list":{"0":"post-3550","1":"product","2":"type-product","3":"status-publish","4":"has-post-thumbnail","6":"product_cat-ovn","7":"product_cat-peisovner-og-vedovner","9":"first","10":"instock","11":"sale","12":"shipping-taxable","13":"purchasable","14":"product-type-simple"},"_links":{"self":[{"href":"https:\/\/meca-remorque.com\/fr\/wp-json\/wp\/v2\/product\/3550","targetHints":{"allow":["GET"]}}],"collection":[{"href":"https:\/\/meca-remorque.com\/fr\/wp-json\/wp\/v2\/product"}],"about":[{"href":"https:\/\/meca-remorque.com\/fr\/wp-json\/wp\/v2\/types\/product"}],"replies":[{"embeddable":true,"href":"https:\/\/meca-remorque.com\/fr\/wp-json\/wp\/v2\/comments?post=3550"}],"version-history":[{"count":1,"href":"https:\/\/meca-remorque.com\/fr\/wp-json\/wp\/v2\/product\/3550\/revisions"}],"predecessor-version":[{"id":3581,"href":"https:\/\/meca-remorque.com\/fr\/wp-json\/wp\/v2\/product\/3550\/revisions\/3581"}],"wp:featuredmedia":[{"embeddable":true,"href":"https:\/\/meca-remorque.com\/fr\/wp-json\/wp\/v2\/media\/3580"}],"wp:attachment":[{"href":"https:\/\/meca-remorque.com\/fr\/wp-json\/wp\/v2\/media?parent=3550"}],"wp:term":[{"taxonomy":"product_brand","embeddable":true,"href":"https:\/\/meca-remorque.com\/fr\/wp-json\/wp\/v2\/product_brand?post=3550"},{"taxonomy":"product_cat","embeddable":true,"href":"https:\/\/meca-remorque.com\/fr\/wp-json\/wp\/v2\/product_cat?post=3550"},{"taxonomy":"product_tag","embeddable":true,"href":"https:\/\/meca-remorque.com\/fr\/wp-json\/wp\/v2\/product_tag?post=3550"}],"curies":[{"name":"wp","href":"https:\/\/api.w.org\/{rel}","templated":true}]}}