{"id":3553,"date":"2025-12-02T19:50:00","date_gmt":"2025-12-02T18:50:00","guid":{"rendered":"https:\/\/meca-remorque.com\/?post_type=product&#038;p=3553"},"modified":"2025-12-02T19:50:05","modified_gmt":"2025-12-02T18:50:05","slug":"nordpeis-salzburg-xl-m-innsats","status":"publish","type":"product","link":"https:\/\/meca-remorque.com\/fr\/produit\/nordpeis-salzburg-xl-m-innsats\/","title":{"rendered":"Nordpeis Salzburg XL m\/innsats"},"content":{"rendered":"","protected":false},"excerpt":{"rendered":"<p>Nordpeis Salzburg XL er den st\u00f8rste av v\u00e5re varmelagrende ildsteder. Denne modellen kan ogs\u00e5 leveres med tilleggselemeter for \u00e5 f\u00e5 h\u00f8yere varianter.<\/p>","protected":false},"featured_media":3586,"comment_status":"open","ping_status":"closed","template":"","meta":[],"product_brand":[],"product_cat":[281,345],"product_tag":[],"class_list":{"0":"post-3553","1":"product","2":"type-product","3":"status-publish","4":"has-post-thumbnail","6":"product_cat-ovn","7":"product_cat-varmelagrende-ovn","9":"first","10":"instock","11":"shipping-taxable","12":"purchasable","13":"product-type-simple"},"_links":{"self":[{"href":"https:\/\/meca-remorque.com\/fr\/wp-json\/wp\/v2\/product\/3553","targetHints":{"allow":["GET"]}}],"collection":[{"href":"https:\/\/meca-remorque.com\/fr\/wp-json\/wp\/v2\/product"}],"about":[{"href":"https:\/\/meca-remorque.com\/fr\/wp-json\/wp\/v2\/types\/product"}],"replies":[{"embeddable":true,"href":"https:\/\/meca-remorque.com\/fr\/wp-json\/wp\/v2\/comments?post=3553"}],"version-history":[{"count":1,"href":"https:\/\/meca-remorque.com\/fr\/wp-json\/wp\/v2\/product\/3553\/revisions"}],"predecessor-version":[{"id":3587,"href":"https:\/\/meca-remorque.com\/fr\/wp-json\/wp\/v2\/product\/3553\/revisions\/3587"}],"wp:featuredmedia":[{"embeddable":true,"href":"https:\/\/meca-remorque.com\/fr\/wp-json\/wp\/v2\/media\/3586"}],"wp:attachment":[{"href":"https:\/\/meca-remorque.com\/fr\/wp-json\/wp\/v2\/media?parent=3553"}],"wp:term":[{"taxonomy":"product_brand","embeddable":true,"href":"https:\/\/meca-remorque.com\/fr\/wp-json\/wp\/v2\/product_brand?post=3553"},{"taxonomy":"product_cat","embeddable":true,"href":"https:\/\/meca-remorque.com\/fr\/wp-json\/wp\/v2\/product_cat?post=3553"},{"taxonomy":"product_tag","embeddable":true,"href":"https:\/\/meca-remorque.com\/fr\/wp-json\/wp\/v2\/product_tag?post=3553"}],"curies":[{"name":"wp","href":"https:\/\/api.w.org\/{rel}","templated":true}]}}