{"id":3556,"date":"2025-12-02T19:50:00","date_gmt":"2025-12-02T18:50:00","guid":{"rendered":"https:\/\/meca-remorque.com\/?post_type=product&#038;p=3556"},"modified":"2025-12-02T19:50:06","modified_gmt":"2025-12-02T18:50:06","slug":"nordpeis-quadro-2","status":"publish","type":"product","link":"https:\/\/meca-remorque.com\/fr\/produit\/nordpeis-quadro-2\/","title":{"rendered":"Nordpeis Quadro 2"},"content":{"rendered":"<p>En av v\u00e5re mest popul\u00e6re ovner har f\u00e5tt et ansiktsl\u00f8ft. Nordpeis Quadro er en ovn med stram og stilrent design som passer b\u00e5de p\u00e5 rettvegg, i hj\u00f8rne eller frittst\u00e5ende i rommet. Store glass gir godt innsyn til flammene fra begge sider. Velg mellom ulike sokler og topper.<br \/>\n&nbsp;<br \/>\n-Luftspyling for renere glass.<br \/>\n-Rentbrennende.<br \/>\n-Mulighet for frisklufttilf\u00f8rsel.<br \/>\n-Mulig med ekstra varmelagring.<br \/>\n-Mulighet for skjult sidemontering.<br \/>\n-Konveksjonsovn.<\/p>","protected":false},"excerpt":{"rendered":"<p>En av v\u00e5re mest popul\u00e6re ovner har f\u00e5tt et \u0093ansiktsl\u00f8ft\u0094. Nordpeis Quadro er en ovn med stram og stilrent design som passer b\u00e5de p\u00e5 rettvegg, i hj\u00f8rne eller frittst\u00e5ende i rommet. Store glass gir godt innsyn til flammene fra begge sider. Velg mellom ulike sokler og topper. &#8230;les mer<\/p>","protected":false},"featured_media":3592,"comment_status":"open","ping_status":"closed","template":"","meta":[],"product_brand":[],"product_cat":[281,282],"product_tag":[],"class_list":{"0":"post-3556","1":"product","2":"type-product","3":"status-publish","4":"has-post-thumbnail","6":"product_cat-ovn","7":"product_cat-peisovner-og-vedovner","9":"first","10":"instock","11":"shipping-taxable","12":"purchasable","13":"product-type-simple"},"_links":{"self":[{"href":"https:\/\/meca-remorque.com\/fr\/wp-json\/wp\/v2\/product\/3556","targetHints":{"allow":["GET"]}}],"collection":[{"href":"https:\/\/meca-remorque.com\/fr\/wp-json\/wp\/v2\/product"}],"about":[{"href":"https:\/\/meca-remorque.com\/fr\/wp-json\/wp\/v2\/types\/product"}],"replies":[{"embeddable":true,"href":"https:\/\/meca-remorque.com\/fr\/wp-json\/wp\/v2\/comments?post=3556"}],"version-history":[{"count":1,"href":"https:\/\/meca-remorque.com\/fr\/wp-json\/wp\/v2\/product\/3556\/revisions"}],"predecessor-version":[{"id":3593,"href":"https:\/\/meca-remorque.com\/fr\/wp-json\/wp\/v2\/product\/3556\/revisions\/3593"}],"wp:featuredmedia":[{"embeddable":true,"href":"https:\/\/meca-remorque.com\/fr\/wp-json\/wp\/v2\/media\/3592"}],"wp:attachment":[{"href":"https:\/\/meca-remorque.com\/fr\/wp-json\/wp\/v2\/media?parent=3556"}],"wp:term":[{"taxonomy":"product_brand","embeddable":true,"href":"https:\/\/meca-remorque.com\/fr\/wp-json\/wp\/v2\/product_brand?post=3556"},{"taxonomy":"product_cat","embeddable":true,"href":"https:\/\/meca-remorque.com\/fr\/wp-json\/wp\/v2\/product_cat?post=3556"},{"taxonomy":"product_tag","embeddable":true,"href":"https:\/\/meca-remorque.com\/fr\/wp-json\/wp\/v2\/product_tag?post=3556"}],"curies":[{"name":"wp","href":"https:\/\/api.w.org\/{rel}","templated":true}]}}