{"id":3559,"date":"2025-12-02T19:50:00","date_gmt":"2025-12-02T18:50:00","guid":{"rendered":"https:\/\/meca-remorque.com\/?post_type=product&#038;p=3559"},"modified":"2025-12-02T19:50:08","modified_gmt":"2025-12-02T18:50:08","slug":"nordpeis-quadro-1-exclusive","status":"publish","type":"product","link":"https:\/\/meca-remorque.com\/fr\/produit\/nordpeis-quadro-1-exclusive\/","title":{"rendered":"Nordpeis Quadro 1 Exclusive"},"content":{"rendered":"","protected":false},"excerpt":{"rendered":"<p>Den popul\u00e6re Nordpeis Quadro kommer n\u00e5 i en ny og mer eksklusiv variant. Med utenp\u00e5liggende glass og et moderne h\u00e5ndtak har den et rent og eksklusivt design med detaljene i fokus. Quadro Exclusive har samtidig beholdt alle de gode egenskapene til Quadro Basic ved \u00e5 ta vare p\u00e5 det gode og velfungerende designet med sine store glassflater slik at du f\u00e5r godt innsyn til flammene.<\/p>","protected":false},"featured_media":3598,"comment_status":"open","ping_status":"closed","template":"","meta":[],"product_brand":[],"product_cat":[281,282],"product_tag":[],"class_list":{"0":"post-3559","1":"product","2":"type-product","3":"status-publish","4":"has-post-thumbnail","6":"product_cat-ovn","7":"product_cat-peisovner-og-vedovner","9":"first","10":"instock","11":"shipping-taxable","12":"purchasable","13":"product-type-simple"},"_links":{"self":[{"href":"https:\/\/meca-remorque.com\/fr\/wp-json\/wp\/v2\/product\/3559","targetHints":{"allow":["GET"]}}],"collection":[{"href":"https:\/\/meca-remorque.com\/fr\/wp-json\/wp\/v2\/product"}],"about":[{"href":"https:\/\/meca-remorque.com\/fr\/wp-json\/wp\/v2\/types\/product"}],"replies":[{"embeddable":true,"href":"https:\/\/meca-remorque.com\/fr\/wp-json\/wp\/v2\/comments?post=3559"}],"version-history":[{"count":1,"href":"https:\/\/meca-remorque.com\/fr\/wp-json\/wp\/v2\/product\/3559\/revisions"}],"predecessor-version":[{"id":3599,"href":"https:\/\/meca-remorque.com\/fr\/wp-json\/wp\/v2\/product\/3559\/revisions\/3599"}],"wp:featuredmedia":[{"embeddable":true,"href":"https:\/\/meca-remorque.com\/fr\/wp-json\/wp\/v2\/media\/3598"}],"wp:attachment":[{"href":"https:\/\/meca-remorque.com\/fr\/wp-json\/wp\/v2\/media?parent=3559"}],"wp:term":[{"taxonomy":"product_brand","embeddable":true,"href":"https:\/\/meca-remorque.com\/fr\/wp-json\/wp\/v2\/product_brand?post=3559"},{"taxonomy":"product_cat","embeddable":true,"href":"https:\/\/meca-remorque.com\/fr\/wp-json\/wp\/v2\/product_cat?post=3559"},{"taxonomy":"product_tag","embeddable":true,"href":"https:\/\/meca-remorque.com\/fr\/wp-json\/wp\/v2\/product_tag?post=3559"}],"curies":[{"name":"wp","href":"https:\/\/api.w.org\/{rel}","templated":true}]}}