{"id":3562,"date":"2025-12-02T19:50:01","date_gmt":"2025-12-02T18:50:01","guid":{"rendered":"https:\/\/meca-remorque.com\/?post_type=product&#038;p=3562"},"modified":"2025-12-02T19:50:10","modified_gmt":"2025-12-02T18:50:10","slug":"dovre-ovn-250cb","status":"publish","type":"product","link":"https:\/\/meca-remorque.com\/fr\/produit\/dovre-ovn-250cb\/","title":{"rendered":"Dovre ovn 250CB"},"content":{"rendered":"","protected":false},"excerpt":{"rendered":"<p>Dovre 250 CBS passer inn de fleste steder, enten som hoved-oppvarmingskilde i mindre rom eller som tilleggsvarme i store rom. Det er en liten, men effektiv peisovn &#8211; med flott glassd\u00f8r. Peisovnen har sideplater med vaffel-m\u00f8nster. Den har trekkventil foran som er enkel \u00e5 betjene. Brenn-kammeret er foret med skamolx.<\/p>","protected":false},"featured_media":3604,"comment_status":"open","ping_status":"closed","template":"","meta":[],"product_brand":[],"product_cat":[281,282],"product_tag":[],"class_list":{"0":"post-3562","1":"product","2":"type-product","3":"status-publish","4":"has-post-thumbnail","6":"product_cat-ovn","7":"product_cat-peisovner-og-vedovner","9":"first","10":"instock","11":"shipping-taxable","12":"purchasable","13":"product-type-simple"},"_links":{"self":[{"href":"https:\/\/meca-remorque.com\/fr\/wp-json\/wp\/v2\/product\/3562","targetHints":{"allow":["GET"]}}],"collection":[{"href":"https:\/\/meca-remorque.com\/fr\/wp-json\/wp\/v2\/product"}],"about":[{"href":"https:\/\/meca-remorque.com\/fr\/wp-json\/wp\/v2\/types\/product"}],"replies":[{"embeddable":true,"href":"https:\/\/meca-remorque.com\/fr\/wp-json\/wp\/v2\/comments?post=3562"}],"version-history":[{"count":1,"href":"https:\/\/meca-remorque.com\/fr\/wp-json\/wp\/v2\/product\/3562\/revisions"}],"predecessor-version":[{"id":3605,"href":"https:\/\/meca-remorque.com\/fr\/wp-json\/wp\/v2\/product\/3562\/revisions\/3605"}],"wp:featuredmedia":[{"embeddable":true,"href":"https:\/\/meca-remorque.com\/fr\/wp-json\/wp\/v2\/media\/3604"}],"wp:attachment":[{"href":"https:\/\/meca-remorque.com\/fr\/wp-json\/wp\/v2\/media?parent=3562"}],"wp:term":[{"taxonomy":"product_brand","embeddable":true,"href":"https:\/\/meca-remorque.com\/fr\/wp-json\/wp\/v2\/product_brand?post=3562"},{"taxonomy":"product_cat","embeddable":true,"href":"https:\/\/meca-remorque.com\/fr\/wp-json\/wp\/v2\/product_cat?post=3562"},{"taxonomy":"product_tag","embeddable":true,"href":"https:\/\/meca-remorque.com\/fr\/wp-json\/wp\/v2\/product_tag?post=3562"}],"curies":[{"name":"wp","href":"https:\/\/api.w.org\/{rel}","templated":true}]}}