{"id":3564,"date":"2025-12-02T19:50:01","date_gmt":"2025-12-02T18:50:01","guid":{"rendered":"https:\/\/meca-remorque.com\/?post_type=product&#038;p=3564"},"modified":"2025-12-02T19:50:12","modified_gmt":"2025-12-02T18:50:12","slug":"dovre-ovn-40-45cbs","status":"publish","type":"product","link":"https:\/\/meca-remorque.com\/fr\/produit\/dovre-ovn-40-45cbs\/","title":{"rendered":"Dovre ovn 40\/45CBS"},"content":{"rendered":"<p>Dovre 40 CBS er en elegant og rentbrennende vedovn med glass i d\u00f8r og motiv fra Bukkene BruseVedovnen har glassd\u00f8r som gir godt innsyn til peisb\u00e5let. Ovnen leveres i lakkert utgave. Kan leveres med 1 eller 2 kokeplater som ekstrautstyr. Den kan ogs\u00e5 leveres med en etasje (1000 W). Etasjeovnen har betegnelsen 45 CBS og best\u00e5r av Dovre 40 CBS med etasje 5 T p\u00e5 toppen.<\/p>","protected":false},"excerpt":{"rendered":"<p>Dovre 40 CBS er en elegant og rentbrennende vedovn med glass i d\u00f8r og motiv fra Bukkene Bruse &#8230;les mer<\/p>","protected":false},"featured_media":3608,"comment_status":"open","ping_status":"closed","template":"","meta":[],"product_brand":[],"product_cat":[281,282],"product_tag":[],"class_list":{"0":"post-3564","1":"product","2":"type-product","3":"status-publish","4":"has-post-thumbnail","6":"product_cat-ovn","7":"product_cat-peisovner-og-vedovner","9":"first","10":"instock","11":"shipping-taxable","12":"purchasable","13":"product-type-simple"},"_links":{"self":[{"href":"https:\/\/meca-remorque.com\/fr\/wp-json\/wp\/v2\/product\/3564","targetHints":{"allow":["GET"]}}],"collection":[{"href":"https:\/\/meca-remorque.com\/fr\/wp-json\/wp\/v2\/product"}],"about":[{"href":"https:\/\/meca-remorque.com\/fr\/wp-json\/wp\/v2\/types\/product"}],"replies":[{"embeddable":true,"href":"https:\/\/meca-remorque.com\/fr\/wp-json\/wp\/v2\/comments?post=3564"}],"version-history":[{"count":1,"href":"https:\/\/meca-remorque.com\/fr\/wp-json\/wp\/v2\/product\/3564\/revisions"}],"predecessor-version":[{"id":3609,"href":"https:\/\/meca-remorque.com\/fr\/wp-json\/wp\/v2\/product\/3564\/revisions\/3609"}],"wp:featuredmedia":[{"embeddable":true,"href":"https:\/\/meca-remorque.com\/fr\/wp-json\/wp\/v2\/media\/3608"}],"wp:attachment":[{"href":"https:\/\/meca-remorque.com\/fr\/wp-json\/wp\/v2\/media?parent=3564"}],"wp:term":[{"taxonomy":"product_brand","embeddable":true,"href":"https:\/\/meca-remorque.com\/fr\/wp-json\/wp\/v2\/product_brand?post=3564"},{"taxonomy":"product_cat","embeddable":true,"href":"https:\/\/meca-remorque.com\/fr\/wp-json\/wp\/v2\/product_cat?post=3564"},{"taxonomy":"product_tag","embeddable":true,"href":"https:\/\/meca-remorque.com\/fr\/wp-json\/wp\/v2\/product_tag?post=3564"}],"curies":[{"name":"wp","href":"https:\/\/api.w.org\/{rel}","templated":true}]}}