{"id":3569,"date":"2025-12-02T19:50:01","date_gmt":"2025-12-02T18:50:01","guid":{"rendered":"https:\/\/meca-remorque.com\/?post_type=product&#038;p=3569"},"modified":"2025-12-02T19:50:15","modified_gmt":"2025-12-02T18:50:15","slug":"dovre-ovn-saga-107","status":"publish","type":"product","link":"https:\/\/meca-remorque.com\/fr\/produit\/dovre-ovn-saga-107\/","title":{"rendered":"Dovre\u00a0ovn\u00a0Saga\u00a0107"},"content":{"rendered":"<p>Dovre Saga 107 har et moderne uttrykk med et stort vindu i front og tre sm\u00e5 p\u00e5 hver side.<\/p>\n<p>En praktisk og klassisk st\u00f8pejernsovn som passer godt p\u00e5 hytten eller i mindre boliger. Ovnen har som kokeplate som ekstrautstyr. Med sine totalt syv vinduer f\u00e5r du godt innsyn til flammene, og den skaper en varm og koselig atmosf\u00e6re i rommet.<\/p>","protected":false},"excerpt":{"rendered":"<p>Dovre Saga 107 har et moderne uttrykk med et stort vindu i front og tre sm\u00e5 p\u00e5 hver side. &#8230;les mer<\/p>","protected":false},"featured_media":3618,"comment_status":"open","ping_status":"closed","template":"","meta":[],"product_brand":[],"product_cat":[281,282],"product_tag":[],"class_list":{"0":"post-3569","1":"product","2":"type-product","3":"status-publish","4":"has-post-thumbnail","6":"product_cat-ovn","7":"product_cat-peisovner-og-vedovner","9":"first","10":"instock","11":"shipping-taxable","12":"purchasable","13":"product-type-simple"},"_links":{"self":[{"href":"https:\/\/meca-remorque.com\/fr\/wp-json\/wp\/v2\/product\/3569","targetHints":{"allow":["GET"]}}],"collection":[{"href":"https:\/\/meca-remorque.com\/fr\/wp-json\/wp\/v2\/product"}],"about":[{"href":"https:\/\/meca-remorque.com\/fr\/wp-json\/wp\/v2\/types\/product"}],"replies":[{"embeddable":true,"href":"https:\/\/meca-remorque.com\/fr\/wp-json\/wp\/v2\/comments?post=3569"}],"version-history":[{"count":1,"href":"https:\/\/meca-remorque.com\/fr\/wp-json\/wp\/v2\/product\/3569\/revisions"}],"predecessor-version":[{"id":3619,"href":"https:\/\/meca-remorque.com\/fr\/wp-json\/wp\/v2\/product\/3569\/revisions\/3619"}],"wp:featuredmedia":[{"embeddable":true,"href":"https:\/\/meca-remorque.com\/fr\/wp-json\/wp\/v2\/media\/3618"}],"wp:attachment":[{"href":"https:\/\/meca-remorque.com\/fr\/wp-json\/wp\/v2\/media?parent=3569"}],"wp:term":[{"taxonomy":"product_brand","embeddable":true,"href":"https:\/\/meca-remorque.com\/fr\/wp-json\/wp\/v2\/product_brand?post=3569"},{"taxonomy":"product_cat","embeddable":true,"href":"https:\/\/meca-remorque.com\/fr\/wp-json\/wp\/v2\/product_cat?post=3569"},{"taxonomy":"product_tag","embeddable":true,"href":"https:\/\/meca-remorque.com\/fr\/wp-json\/wp\/v2\/product_tag?post=3569"}],"curies":[{"name":"wp","href":"https:\/\/api.w.org\/{rel}","templated":true}]}}