{"id":3570,"date":"2025-12-02T19:50:01","date_gmt":"2025-12-02T18:50:01","guid":{"rendered":"https:\/\/meca-remorque.com\/?post_type=product&#038;p=3570"},"modified":"2025-12-02T19:50:16","modified_gmt":"2025-12-02T18:50:16","slug":"dovre-ovn-sense-103","status":"publish","type":"product","link":"https:\/\/meca-remorque.com\/fr\/produit\/dovre-ovn-sense-103\/","title":{"rendered":"Dovre ovn Sense 103"},"content":{"rendered":"<p>Dovre Sense 103, en lekker peisovn med kompakte, slanke linjer. Sense er tilpasset framtidens krav til milj\u00f8vennlig fyring. Dovre Sens har allerede rukket \u00e5 bli en designklassiker. Ovnen har stort glass i d\u00f8ren som setter peisb\u00e5let i fokus. Den nette st\u00f8rrelsen gj\u00f8r ovnen lett \u00e5 plassere. Serien er laget ut fra et \u00f8nske om en liten, fremtidsrettet peisovn med h\u00f8y virkningsgrad tilpasset hus bygget etter nye byggeforskrifter. Sense er laget i solid st\u00f8pejern med brennkammer foret med skamolx. Brukervennlige \u00e5pne- og lukkesystem er integrert i designens slanke silhuett. At peisen kommer i sortlakkert st\u00f8pejern, gir den et ekstra snev av luksus. Sideglass er standard.<\/p>","protected":false},"excerpt":{"rendered":"<p>Dovre Sense 103, en lekker peisovn med kompakte, slanke linjer. &#8230;les mer<\/p>","protected":false},"featured_media":3620,"comment_status":"open","ping_status":"closed","template":"","meta":[],"product_brand":[],"product_cat":[281,282],"product_tag":[],"class_list":{"0":"post-3570","1":"product","2":"type-product","3":"status-publish","4":"has-post-thumbnail","6":"product_cat-ovn","7":"product_cat-peisovner-og-vedovner","9":"first","10":"instock","11":"shipping-taxable","12":"purchasable","13":"product-type-simple"},"_links":{"self":[{"href":"https:\/\/meca-remorque.com\/fr\/wp-json\/wp\/v2\/product\/3570","targetHints":{"allow":["GET"]}}],"collection":[{"href":"https:\/\/meca-remorque.com\/fr\/wp-json\/wp\/v2\/product"}],"about":[{"href":"https:\/\/meca-remorque.com\/fr\/wp-json\/wp\/v2\/types\/product"}],"replies":[{"embeddable":true,"href":"https:\/\/meca-remorque.com\/fr\/wp-json\/wp\/v2\/comments?post=3570"}],"version-history":[{"count":1,"href":"https:\/\/meca-remorque.com\/fr\/wp-json\/wp\/v2\/product\/3570\/revisions"}],"predecessor-version":[{"id":3621,"href":"https:\/\/meca-remorque.com\/fr\/wp-json\/wp\/v2\/product\/3570\/revisions\/3621"}],"wp:featuredmedia":[{"embeddable":true,"href":"https:\/\/meca-remorque.com\/fr\/wp-json\/wp\/v2\/media\/3620"}],"wp:attachment":[{"href":"https:\/\/meca-remorque.com\/fr\/wp-json\/wp\/v2\/media?parent=3570"}],"wp:term":[{"taxonomy":"product_brand","embeddable":true,"href":"https:\/\/meca-remorque.com\/fr\/wp-json\/wp\/v2\/product_brand?post=3570"},{"taxonomy":"product_cat","embeddable":true,"href":"https:\/\/meca-remorque.com\/fr\/wp-json\/wp\/v2\/product_cat?post=3570"},{"taxonomy":"product_tag","embeddable":true,"href":"https:\/\/meca-remorque.com\/fr\/wp-json\/wp\/v2\/product_tag?post=3570"}],"curies":[{"name":"wp","href":"https:\/\/api.w.org\/{rel}","templated":true}]}}