{"id":3571,"date":"2025-12-02T19:50:01","date_gmt":"2025-12-02T18:50:01","guid":{"rendered":"https:\/\/meca-remorque.com\/?post_type=product&#038;p=3571"},"modified":"2025-12-02T19:50:22","modified_gmt":"2025-12-02T18:50:22","slug":"dovre-ovn-sense-213","status":"publish","type":"product","link":"https:\/\/meca-remorque.com\/fr\/produit\/dovre-ovn-sense-213\/","title":{"rendered":"Dovre ovn Sense 213"},"content":{"rendered":"<p>En litt nettere base og 20 kg lettere enn s\u00f8stermodellen Sense 203. Detter er en lekker peisovn med kompakte, slanke linjer. Sense er tilpasset framtidens krav til milj\u00f8vennlig fyring. Helt siden 1933 har Dovre varmet det norske folk. I 2013 ble 80-\u00e5rsjubileumet markert med lanseringen av en ny designklassiker Sense.Serien er laget ut fra et \u00f8nske om en liten, fremtidsrettet peisovn med h\u00f8y virkningsgrad tilpasset hus bygget etter nye byggeforskrifter. Sense er laget i solid st\u00f8pejern med brennkammer foret med skamolx.Brukervennlige \u00e5pne- og lukkesystem er integrert i designens slanke silhuett. Stort glass i d\u00f8ren gir godt innsyn til peisb\u00e5let, og den nette st\u00f8rrelsen gj\u00f8r ovnen lett \u00e5 plassere. Alle Sense modellene leveres med sideglass.<\/p>","protected":false},"excerpt":{"rendered":"<p>En litt nettere base og 20 kg lettere enn s\u00f8stermodellen Sense 203. &#8230;les mer<\/p>","protected":false},"featured_media":3622,"comment_status":"open","ping_status":"closed","template":"","meta":[],"product_brand":[],"product_cat":[281,282],"product_tag":[],"class_list":{"0":"post-3571","1":"product","2":"type-product","3":"status-publish","4":"has-post-thumbnail","6":"product_cat-ovn","7":"product_cat-peisovner-og-vedovner","9":"first","10":"instock","11":"shipping-taxable","12":"purchasable","13":"product-type-simple"},"_links":{"self":[{"href":"https:\/\/meca-remorque.com\/fr\/wp-json\/wp\/v2\/product\/3571","targetHints":{"allow":["GET"]}}],"collection":[{"href":"https:\/\/meca-remorque.com\/fr\/wp-json\/wp\/v2\/product"}],"about":[{"href":"https:\/\/meca-remorque.com\/fr\/wp-json\/wp\/v2\/types\/product"}],"replies":[{"embeddable":true,"href":"https:\/\/meca-remorque.com\/fr\/wp-json\/wp\/v2\/comments?post=3571"}],"version-history":[{"count":1,"href":"https:\/\/meca-remorque.com\/fr\/wp-json\/wp\/v2\/product\/3571\/revisions"}],"predecessor-version":[{"id":3623,"href":"https:\/\/meca-remorque.com\/fr\/wp-json\/wp\/v2\/product\/3571\/revisions\/3623"}],"wp:featuredmedia":[{"embeddable":true,"href":"https:\/\/meca-remorque.com\/fr\/wp-json\/wp\/v2\/media\/3622"}],"wp:attachment":[{"href":"https:\/\/meca-remorque.com\/fr\/wp-json\/wp\/v2\/media?parent=3571"}],"wp:term":[{"taxonomy":"product_brand","embeddable":true,"href":"https:\/\/meca-remorque.com\/fr\/wp-json\/wp\/v2\/product_brand?post=3571"},{"taxonomy":"product_cat","embeddable":true,"href":"https:\/\/meca-remorque.com\/fr\/wp-json\/wp\/v2\/product_cat?post=3571"},{"taxonomy":"product_tag","embeddable":true,"href":"https:\/\/meca-remorque.com\/fr\/wp-json\/wp\/v2\/product_tag?post=3571"}],"curies":[{"name":"wp","href":"https:\/\/api.w.org\/{rel}","templated":true}]}}