{"id":3624,"date":"2025-12-02T19:50:24","date_gmt":"2025-12-02T18:50:24","guid":{"rendered":"https:\/\/meca-remorque.com\/?post_type=product&#038;p=3624"},"modified":"2025-12-02T19:50:31","modified_gmt":"2025-12-02T18:50:31","slug":"nordpeis-origo-dv-med-sideglass","status":"publish","type":"product","link":"https:\/\/meca-remorque.com\/fr\/produit\/nordpeis-origo-dv-med-sideglass\/","title":{"rendered":"Nordpeis Origo DV med sideglass"},"content":{"rendered":"","protected":false},"excerpt":{"rendered":"<p>Med sine rene linjer fanger Origo essensen av nordisk minimalisme. Den slanke sylinderformen understreker det enkle og moderne uttrykket her er det ingen overfl\u00f8dige detaljer som forstyrrer harmonien. Det romslige brennkammeret har et stort d\u00f8rglass som sikrer godt innsyn, og sammen med praktiske l\u00f8sninger som selvlukkende d\u00f8r og integrert askeskuff, er dette en ovn som forener form med funksjon p\u00e5 en uanstrengt og elegant m\u00e5te. Origo f\u00e5r du med og uten sideglass.<\/p>","protected":false},"featured_media":3663,"comment_status":"open","ping_status":"closed","template":"","meta":[],"product_brand":[],"product_cat":[281,282],"product_tag":[],"class_list":{"0":"post-3624","1":"product","2":"type-product","3":"status-publish","4":"has-post-thumbnail","6":"product_cat-ovn","7":"product_cat-peisovner-og-vedovner","9":"first","10":"instock","11":"shipping-taxable","12":"purchasable","13":"product-type-simple"},"_links":{"self":[{"href":"https:\/\/meca-remorque.com\/fr\/wp-json\/wp\/v2\/product\/3624","targetHints":{"allow":["GET"]}}],"collection":[{"href":"https:\/\/meca-remorque.com\/fr\/wp-json\/wp\/v2\/product"}],"about":[{"href":"https:\/\/meca-remorque.com\/fr\/wp-json\/wp\/v2\/types\/product"}],"replies":[{"embeddable":true,"href":"https:\/\/meca-remorque.com\/fr\/wp-json\/wp\/v2\/comments?post=3624"}],"version-history":[{"count":1,"href":"https:\/\/meca-remorque.com\/fr\/wp-json\/wp\/v2\/product\/3624\/revisions"}],"predecessor-version":[{"id":3664,"href":"https:\/\/meca-remorque.com\/fr\/wp-json\/wp\/v2\/product\/3624\/revisions\/3664"}],"wp:featuredmedia":[{"embeddable":true,"href":"https:\/\/meca-remorque.com\/fr\/wp-json\/wp\/v2\/media\/3663"}],"wp:attachment":[{"href":"https:\/\/meca-remorque.com\/fr\/wp-json\/wp\/v2\/media?parent=3624"}],"wp:term":[{"taxonomy":"product_brand","embeddable":true,"href":"https:\/\/meca-remorque.com\/fr\/wp-json\/wp\/v2\/product_brand?post=3624"},{"taxonomy":"product_cat","embeddable":true,"href":"https:\/\/meca-remorque.com\/fr\/wp-json\/wp\/v2\/product_cat?post=3624"},{"taxonomy":"product_tag","embeddable":true,"href":"https:\/\/meca-remorque.com\/fr\/wp-json\/wp\/v2\/product_tag?post=3624"}],"curies":[{"name":"wp","href":"https:\/\/api.w.org\/{rel}","templated":true}]}}