{"id":3626,"date":"2025-12-02T19:50:24","date_gmt":"2025-12-02T18:50:24","guid":{"rendered":"https:\/\/meca-remorque.com\/?post_type=product&#038;p=3626"},"modified":"2025-12-02T19:50:32","modified_gmt":"2025-12-02T18:50:32","slug":"nordpeis-origo-exclusive","status":"publish","type":"product","link":"https:\/\/meca-remorque.com\/fr\/produit\/nordpeis-origo-exclusive\/","title":{"rendered":"Nordpeis Origo Exclusive"},"content":{"rendered":"<p>Origo Exclusive med sideglass. Denne ovnen har store utenp\u00e5liggende glass, som gir et eksklusivt uttrykk og lar deg komme tett p\u00e5 flammene. Innovative l\u00f8sninger som selvlukkende d\u00f8r med stopp-funksjon og vedrom som \u00e5pnes med ett enkelt trykk p\u00e5 d\u00f8ren, er pakket inn i et sofistikert, tidsriktig design med stramme linjer som en hyllest til den nordiske stilen.<\/p>","protected":false},"excerpt":{"rendered":"<p>Origo Exclusive med sideglass. &#8230;les mer<\/p>","protected":false},"featured_media":3667,"comment_status":"open","ping_status":"closed","template":"","meta":[],"product_brand":[],"product_cat":[281,282],"product_tag":[],"class_list":{"0":"post-3626","1":"product","2":"type-product","3":"status-publish","4":"has-post-thumbnail","6":"product_cat-ovn","7":"product_cat-peisovner-og-vedovner","9":"first","10":"instock","11":"shipping-taxable","12":"purchasable","13":"product-type-simple"},"_links":{"self":[{"href":"https:\/\/meca-remorque.com\/fr\/wp-json\/wp\/v2\/product\/3626","targetHints":{"allow":["GET"]}}],"collection":[{"href":"https:\/\/meca-remorque.com\/fr\/wp-json\/wp\/v2\/product"}],"about":[{"href":"https:\/\/meca-remorque.com\/fr\/wp-json\/wp\/v2\/types\/product"}],"replies":[{"embeddable":true,"href":"https:\/\/meca-remorque.com\/fr\/wp-json\/wp\/v2\/comments?post=3626"}],"version-history":[{"count":1,"href":"https:\/\/meca-remorque.com\/fr\/wp-json\/wp\/v2\/product\/3626\/revisions"}],"predecessor-version":[{"id":3668,"href":"https:\/\/meca-remorque.com\/fr\/wp-json\/wp\/v2\/product\/3626\/revisions\/3668"}],"wp:featuredmedia":[{"embeddable":true,"href":"https:\/\/meca-remorque.com\/fr\/wp-json\/wp\/v2\/media\/3667"}],"wp:attachment":[{"href":"https:\/\/meca-remorque.com\/fr\/wp-json\/wp\/v2\/media?parent=3626"}],"wp:term":[{"taxonomy":"product_brand","embeddable":true,"href":"https:\/\/meca-remorque.com\/fr\/wp-json\/wp\/v2\/product_brand?post=3626"},{"taxonomy":"product_cat","embeddable":true,"href":"https:\/\/meca-remorque.com\/fr\/wp-json\/wp\/v2\/product_cat?post=3626"},{"taxonomy":"product_tag","embeddable":true,"href":"https:\/\/meca-remorque.com\/fr\/wp-json\/wp\/v2\/product_tag?post=3626"}],"curies":[{"name":"wp","href":"https:\/\/api.w.org\/{rel}","templated":true}]}}